{"id":236,"date":"2023-08-23T14:27:02","date_gmt":"2023-08-23T14:27:02","guid":{"rendered":"https:\/\/immediateedge.capital\/?page_id=236"},"modified":"2026-01-02T10:03:55","modified_gmt":"2026-01-02T10:03:55","slug":"politique-de-confidentialite","status":"publish","type":"page","link":"https:\/\/immediateedge.capital\/fr\/privacy-policy\/","title":{"rendered":"politique de confidentialit\u00e9"},"content":{"rendered":"<div data-elementor-type=\"wp-page\" data-elementor-id=\"236\" class=\"elementor elementor-236\" data-elementor-post-type=\"page\">\n\t\t\t\t\t\t<section class=\"elementor-section elementor-top-section elementor-element elementor-element-170b34f elementor-section-full_width elementor-section-height-default elementor-section-height-default\" data-id=\"170b34f\" data-element_type=\"section\" data-e-type=\"section\" data-settings=\"{&quot;background_background&quot;:&quot;classic&quot;}\">\n\t\t\t\t\t\t<div class=\"elementor-container elementor-column-gap-default\">\n\t\t\t\t\t<div class=\"elementor-column elementor-col-100 elementor-top-column elementor-element elementor-element-f2f86b6\" data-id=\"f2f86b6\" data-element_type=\"column\" data-e-type=\"column\">\n\t\t\t<div class=\"elementor-widget-wrap elementor-element-populated\">\n\t\t\t\t\t\t<div class=\"elementor-element elementor-element-a97709e elementor-widget elementor-widget-spacer\" data-id=\"a97709e\" data-element_type=\"widget\" data-e-type=\"widget\" data-widget_type=\"spacer.default\">\n\t\t\t\t<div class=\"elementor-widget-container\">\n\t\t\t\t\t\t\t<div class=\"elementor-spacer\">\n\t\t\t<div class=\"elementor-spacer-inner\"><\/div>\n\t\t<\/div>\n\t\t\t\t\t\t<\/div>\n\t\t\t\t<\/div>\n\t\t\t\t<section class=\"elementor-section elementor-inner-section elementor-element elementor-element-2ebbd37 elementor-section-boxed elementor-section-height-default elementor-section-height-default\" data-id=\"2ebbd37\" data-element_type=\"section\" data-e-type=\"section\">\n\t\t\t\t\t\t<div class=\"elementor-container elementor-column-gap-default\">\n\t\t\t\t\t<div class=\"elementor-column elementor-col-100 elementor-inner-column elementor-element elementor-element-08e74b4\" data-id=\"08e74b4\" data-element_type=\"column\" data-e-type=\"column\">\n\t\t\t<div class=\"elementor-widget-wrap elementor-element-populated\">\n\t\t\t\t\t\t<div class=\"elementor-element elementor-element-ace13da elementor-widget elementor-widget-heading\" data-id=\"ace13da\" data-element_type=\"widget\" data-e-type=\"widget\" data-widget_type=\"heading.default\">\n\t\t\t\t<div class=\"elementor-widget-container\">\n\t\t\t\t\t<h1 class=\"elementor-heading-title elementor-size-default\">politique de confidentialit\u00e9<\/h1>\t\t\t\t<\/div>\n\t\t\t\t<\/div>\n\t\t\t\t<div class=\"elementor-element elementor-element-96506c5 elementor-widget elementor-widget-spacer\" data-id=\"96506c5\" data-element_type=\"widget\" data-e-type=\"widget\" data-widget_type=\"spacer.default\">\n\t\t\t\t<div class=\"elementor-widget-container\">\n\t\t\t\t\t\t\t<div class=\"elementor-spacer\">\n\t\t\t<div class=\"elementor-spacer-inner\"><\/div>\n\t\t<\/div>\n\t\t\t\t\t\t<\/div>\n\t\t\t\t<\/div>\n\t\t\t\t<div class=\"elementor-element elementor-element-6cb9db9 elementor-widget elementor-widget-text-editor\" data-id=\"6cb9db9\" data-element_type=\"widget\" data-e-type=\"widget\" data-widget_type=\"text-editor.default\">\n\t\t\t\t<div class=\"elementor-widget-container\">\n\t\t\t\t\t\t\t\t\t<p>En cliquant sur \u00ab\u00a0Continuer\u00a0\u00bb, vous nous autorisez \u00e0 vous envoyer des e-mails concernant nos offres. Si vous d\u00e9cidez de ne plus recevoir d'e-mails, vous pouvez facilement vous d\u00e9sinscrire \u00e0 tout moment en utilisant le lien \u00ab Se d\u00e9sabonner \u00bb fourni au bas de chaque e-mail.<\/p><p>Le logiciel accorde une grande importance \u00e0 la protection de la vie priv\u00e9e de chaque individu qui visite nos sites Web. Cette d\u00e9claration de confidentialit\u00e9 sert de notification des normes et conditions par lesquelles le logiciel garantit la protection des informations fournies par les visiteurs des sites Web d\u00e9tenus et exploit\u00e9s par le logiciel. y compris le logiciel et le logiciel. Notre d\u00e9claration de confidentialit\u00e9 d\u00e9crit nos pratiques en mati\u00e8re de collecte d'informations et la mani\u00e8re dont vos informations peuvent \u00eatre utilis\u00e9es. Veuillez noter que cette politique peut subir des modifications p\u00e9riodiquement, nous vous recommandons donc de v\u00e9rifier r\u00e9guli\u00e8rement ces informations.<\/p>\t\t\t\t\t\t\t\t<\/div>\n\t\t\t\t<\/div>\n\t\t\t\t<div class=\"elementor-element elementor-element-d69648d elementor-widget elementor-widget-heading\" data-id=\"d69648d\" data-element_type=\"widget\" data-e-type=\"widget\" data-widget_type=\"heading.default\">\n\t\t\t\t<div class=\"elementor-widget-container\">\n\t\t\t\t\t<h1 class=\"elementor-heading-title elementor-size-default\">Info r street sound nous enfant CT\n<\/h1>\t\t\t\t<\/div>\n\t\t\t\t<\/div>\n\t\t\t\t<div class=\"elementor-element elementor-element-ca3a8ef elementor-widget elementor-widget-text-editor\" data-id=\"ca3a8ef\" data-element_type=\"widget\" data-e-type=\"widget\" data-widget_type=\"text-editor.default\">\n\t\t\t\t<div class=\"elementor-widget-container\">\n\t\t\t\t\t\t\t\t\t<p>Les informations personnelles que vous \u00eates invit\u00e9 \u00e0 fournir et les raisons pour lesquelles vous \u00eates invit\u00e9 \u00e0 les fournir vous seront clairement indiqu\u00e9es au moment o\u00f9 nous vous demanderons de fournir vos informations personnelles. Si vous nous contactez directement, nous pouvons recevoir des informations suppl\u00e9mentaires vous concernant, telles que votre nom, votre adresse e-mail, votre num\u00e9ro de t\u00e9l\u00e9phone, le contenu du message et\/ou des pi\u00e8ces jointes que vous pouvez nous envoyer, ainsi que toute autre information que vous pouvez choisir de fournir. Lorsque vous cr\u00e9ez un compte, nous pouvons vous demander vos coordonn\u00e9es, notamment des \u00e9l\u00e9ments tels que votre nom, le nom de votre entreprise, votre adresse, votre adresse e-mail et votre num\u00e9ro de t\u00e9l\u00e9phone.<\/p>\t\t\t\t\t\t\t\t<\/div>\n\t\t\t\t<\/div>\n\t\t\t\t<div class=\"elementor-element elementor-element-c08387a elementor-widget elementor-widget-heading\" data-id=\"c08387a\" data-element_type=\"widget\" data-e-type=\"widget\" data-widget_type=\"heading.default\">\n\t\t\t\t<div class=\"elementor-widget-container\">\n\t\t\t\t\t<h2 class=\"elementor-heading-title elementor-size-default\">A. Informations personnelles identifiables :<\/h2>\t\t\t\t<\/div>\n\t\t\t\t<\/div>\n\t\t\t\t<div class=\"elementor-element elementor-element-d5f8a12 elementor-widget elementor-widget-text-editor\" data-id=\"d5f8a12\" data-element_type=\"widget\" data-e-type=\"widget\" data-widget_type=\"text-editor.default\">\n\t\t\t\t<div class=\"elementor-widget-container\">\n\t\t\t\t\t\t\t\t\t<p>The software collects specific data from website visitors when voluntarily provided. This includes instances when visitors request information, purchase services, open customer support inquiries, submit employment-related information, or send emails. Some activities require sharing information, such as making a purchase, using a credit card for payment, submitting a resume, or requesting specific information. When visitors provide personally identifiable information through the software&#8217;s websites, it is used to fulfill the specific request made. In most cases, visitors have the option to decide whether the software can use this information for additional purposes. Visitors can also request that the software not utilize the information by emailing support@immediateedge.capital. However, the software reserves the right, at its discretion, to send bulletins and important information about its services. In the absence of specific instructions, the software may use the provided information to notify visitors about additional services, products, or offerings from the software&#8217;s family of companies, authorized agents, and other service providers with whom the software maintains relationships, and whose offerings might be of interest.<\/p><p>Le logiciel ne vendra ni n'\u00e9changera d'informations personnelles identifiables, sauf autorisation ou obligation l\u00e9gale, ou dans les cas impliquant un pr\u00e9judice physique imminent pour le visiteur ou pour autrui. Sur les sites Web o\u00f9 les visiteurs fournissent des informations de carte de cr\u00e9dit ou de commande, le logiciel s\u00e9curise ces informations gr\u00e2ce \u00e0 des protocoles de s\u00e9curit\u00e9 et de cryptage Web standard, tels que Secure Socket Layer (SSL) et Secure Electronic Transaction (SET). Lorsque les visiteurs partagent volontairement des commentaires, des donn\u00e9es, des r\u00e9ponses, des questions, des commentaires, des suggestions, des id\u00e9es ou des informations similaires sur certains sites, le logiciel consid\u00e8re cette partie des informations comme non confidentielle et non exclusive. Sauf indication contraire dans la pr\u00e9sente d\u00e9claration de confidentialit\u00e9, le logiciel n'assume aucune obligation de prot\u00e9ger ces informations contre toute divulgation.<\/p><p>Il est important de noter que les exemples pr\u00e9sent\u00e9s dans ces documents ne doivent pas \u00eatre interpr\u00e9t\u00e9s comme une promesse ou une garantie de revenus. Le potentiel de revenus d\u00e9pend enti\u00e8rement de l\u2019individu qui utilise le produit, des id\u00e9es, des techniques et des efforts investis. Ces documents ne sont pas pr\u00e9sent\u00e9s comme un \u00ab plan pour devenir riche \u00bb et il est conseill\u00e9 de ne pas les consid\u00e9rer comme tel.<\/p>\t\t\t\t\t\t\t\t<\/div>\n\t\t\t\t<\/div>\n\t\t\t\t<div class=\"elementor-element elementor-element-35b6225 elementor-widget elementor-widget-heading\" data-id=\"35b6225\" data-element_type=\"widget\" data-e-type=\"widget\" data-widget_type=\"heading.default\">\n\t\t\t\t<div class=\"elementor-widget-container\">\n\t\t\t\t\t<h2 class=\"elementor-heading-title elementor-size-default\">B. Informations non personnellement identifiables (g\u00e9n\u00e9riques) :<\/h2>\t\t\t\t<\/div>\n\t\t\t\t<\/div>\n\t\t\t\t<div class=\"elementor-element elementor-element-ec9ec4f elementor-widget elementor-widget-text-editor\" data-id=\"ec9ec4f\" data-element_type=\"widget\" data-e-type=\"widget\" data-widget_type=\"text-editor.default\">\n\t\t\t\t<div class=\"elementor-widget-container\">\n\t\t\t\t\t\t\t\t\t<p>En r\u00e8gle g\u00e9n\u00e9rale, le logiciel collecte automatiquement des informations g\u00e9n\u00e9riques qui ne r\u00e9v\u00e8lent pas l\u2019identit\u00e9 du visiteur. Ces informations comprennent g\u00e9n\u00e9ralement des d\u00e9tails tels que l\u2019adresse Internet attribu\u00e9e \u00e0 l\u2019ordinateur du visiteur, la fr\u00e9quence des visites et les sites sp\u00e9cifiques du logiciel visit\u00e9s. Le but de la collecte de ces informations est d\u2019\u00e9valuer les exigences du service client et les besoins du site Web. Pour ce faire, certaines technologies, notamment les \u00ab cookies \u00bb (qui fournissent aux visiteurs des informations personnalis\u00e9es sur les services du logiciel), sont utilis\u00e9es. Il est important de pr\u00e9ciser que les informations collect\u00e9es par cette m\u00e9thode ne sont pas combin\u00e9es avec des informations personnelles identifiables. Les visiteurs ont la possibilit\u00e9 de configurer les param\u00e8tres de leur navigateur pour recevoir des notifications lorsqu\u2019un cookie est re\u00e7u et peuvent choisir de le refuser.<\/p>\t\t\t\t\t\t\t\t<\/div>\n\t\t\t\t<\/div>\n\t\t\t\t<div class=\"elementor-element elementor-element-2688b7d elementor-widget elementor-widget-heading\" data-id=\"2688b7d\" data-element_type=\"widget\" data-e-type=\"widget\" data-widget_type=\"heading.default\">\n\t\t\t\t<div class=\"elementor-widget-container\">\n\t\t\t\t\t<h2 class=\"elementor-heading-title elementor-size-default\">\nC. Votre site Web h\u00e9berg\u00e9 par le logiciel, votre serveur, vos tableaux d'affichage, votre forum, vos sites tiers\u00a0:<\/h2>\t\t\t\t<\/div>\n\t\t\t\t<\/div>\n\t\t\t\t<div class=\"elementor-element elementor-element-b6c1fb7 elementor-widget elementor-widget-text-editor\" data-id=\"b6c1fb7\" data-element_type=\"widget\" data-e-type=\"widget\" data-widget_type=\"text-editor.default\">\n\t\t\t\t<div class=\"elementor-widget-container\">\n\t\t\t\t\t\t\t\t\t<p>Toute information que vous choisissez de partager dans un espace public, tel qu'un tableau d'affichage, une salle de discussion ou un site Web h\u00e9berg\u00e9 par The Software, devient accessible \u00e0 toute autre personne qui visite cet espace. The Software ne peut garantir la protection des informations divulgu\u00e9es dans ces espaces. De plus, les sites Web de The Software peuvent inclure des liens vers des sites tiers qui ne sont pas affili\u00e9s \u00e0 The Software. Dans de tels cas, The Software ne peut pas garantir la s\u00e9curit\u00e9 des informations que vous pourriez divulguer sur ces sites externes et recommande de consulter les d\u00e9clarations de politique de confidentialit\u00e9 de ces sites avant de les visiter.<\/p>\t\t\t\t\t\t\t\t<\/div>\n\t\t\t\t<\/div>\n\t\t\t\t<div class=\"elementor-element elementor-element-39bb437 elementor-widget elementor-widget-heading\" data-id=\"39bb437\" data-element_type=\"widget\" data-e-type=\"widget\" data-widget_type=\"heading.default\">\n\t\t\t\t<div class=\"elementor-widget-container\">\n\t\t\t\t\t<h2 class=\"elementor-heading-title elementor-size-default\">D. Exceptions et limitations :<\/h2>\t\t\t\t<\/div>\n\t\t\t\t<\/div>\n\t\t\t\t<div class=\"elementor-element elementor-element-27870a6 elementor-widget elementor-widget-text-editor\" data-id=\"27870a6\" data-element_type=\"widget\" data-e-type=\"widget\" data-widget_type=\"text-editor.default\">\n\t\t\t\t<div class=\"elementor-widget-container\">\n\t\t\t\t\t\t\t\t\t<p>Tout en adh\u00e9rant aux lois applicables, le logiciel<br \/>(i) coop\u00e8re pleinement avec les autorit\u00e9s nationales, locales et f\u00e9d\u00e9rales dans toute enqu\u00eate concernant le contenu (y compris les communications \u00e9lectroniques personnelles ou priv\u00e9es transmises au Logiciel) ou les activit\u00e9s ill\u00e9gales pr\u00e9sum\u00e9es de tout utilisateur du Service, et <br \/>(ii) prend des mesures raisonnables pour prot\u00e9ger ses droits de propri\u00e9t\u00e9. Dans le cadre limit\u00e9 de la r\u00e9alisation de cette coop\u00e9ration et de ces mesures et conform\u00e9ment aux lois en vigueur, le Logiciel peut \u00eatre amen\u00e9 \u00e0 divulguer des informations personnelles identifiables. En outre, le Logiciel peut choisir de surveiller les zones de communication de tout type<\/p><p>(i) de se conformer \u00e0 toute loi, \u00e0 tout r\u00e8glement ou \u00e0 toute demande gouvernementale\u00a0; <br \/>(ii) si une telle divulgation est n\u00e9cessaire au fonctionnement du Logiciel ; ou <br \/>(iii) to protect the rights or property of The Software or others.<\/p><p>In connection with the potential sale or transfer of any of its interests in The Software and The Software&#8217;s other owned sites, the company reserves the right to sell or transfer your information (including, but not limited to, name, address information, and other information you provided to The Software) to a third party that <br \/>(i) se sp\u00e9cialise dans les produits ou services de communication; <br \/>(ii) s'engage \u00e0 d\u00e9fendre les int\u00e9r\u00eats du Logiciel concernant la maintenance et la sauvegarde des informations collect\u00e9es\u00a0; et <br \/>(iii) s\u2019engage \u00e0 respecter les obligations \u00e9nonc\u00e9es dans la pr\u00e9sente d\u00e9claration de politique.<\/p>\t\t\t\t\t\t\t\t<\/div>\n\t\t\t\t<\/div>\n\t\t\t\t<div class=\"elementor-element elementor-element-01731f1 elementor-widget elementor-widget-heading\" data-id=\"01731f1\" data-element_type=\"widget\" data-e-type=\"widget\" data-widget_type=\"heading.default\">\n\t\t\t\t<div class=\"elementor-widget-container\">\n\t\t\t\t\t<h2 class=\"elementor-heading-title elementor-size-default\">E. Contact Us:<\/h2>\t\t\t\t<\/div>\n\t\t\t\t<\/div>\n\t\t\t\t<div class=\"elementor-element elementor-element-110a7e7 elementor-widget elementor-widget-text-editor\" data-id=\"110a7e7\" data-element_type=\"widget\" data-e-type=\"widget\" data-widget_type=\"text-editor.default\">\n\t\t\t\t<div class=\"elementor-widget-container\">\n\t\t\t\t\t\t\t\t\t<p>If you have any question then contact us at our email <a href=\"mailto:support@immediateedge.capital\">support@immediateedge.capital<\/a><\/p>\t\t\t\t\t\t\t\t<\/div>\n\t\t\t\t<\/div>\n\t\t\t\t\t<\/div>\n\t\t<\/div>\n\t\t\t\t\t<\/div>\n\t\t<\/section>\n\t\t\t\t<div class=\"elementor-element elementor-element-797c9a0 elementor-widget elementor-widget-spacer\" data-id=\"797c9a0\" data-element_type=\"widget\" data-e-type=\"widget\" data-widget_type=\"spacer.default\">\n\t\t\t\t<div class=\"elementor-widget-container\">\n\t\t\t\t\t\t\t<div class=\"elementor-spacer\">\n\t\t\t<div class=\"elementor-spacer-inner\"><\/div>\n\t\t<\/div>\n\t\t\t\t\t\t<\/div>\n\t\t\t\t<\/div>\n\t\t\t\t\t<\/div>\n\t\t<\/div>\n\t\t\t\t\t<\/div>\n\t\t<\/section>\n\t\t\t\t<\/div>","protected":false},"excerpt":{"rendered":"<p>Privacy Policy By clicking &#8220;Continue,&#8221; you grant us permission to send you emails regarding our offers. If you decide not to receive further emails, you can easily opt out at any time using the &#8220;Unsubscribe&#8221; link provided at the bottom of each email. The Software places great importance on safeguarding the privacy of every individual [&hellip;]<\/p>\n","protected":false},"author":1,"featured_media":0,"parent":0,"menu_order":0,"comment_status":"closed","ping_status":"closed","template":"elementor_header_footer","meta":{"footnotes":""},"class_list":["post-236","page","type-page","status-publish","hentry"],"_links":{"self":[{"href":"https:\/\/immediateedge.capital\/fr\/wp-json\/wp\/v2\/pages\/236","targetHints":{"allow":["GET"]}}],"collection":[{"href":"https:\/\/immediateedge.capital\/fr\/wp-json\/wp\/v2\/pages"}],"about":[{"href":"https:\/\/immediateedge.capital\/fr\/wp-json\/wp\/v2\/types\/page"}],"author":[{"embeddable":true,"href":"https:\/\/immediateedge.capital\/fr\/wp-json\/wp\/v2\/users\/1"}],"replies":[{"embeddable":true,"href":"https:\/\/immediateedge.capital\/fr\/wp-json\/wp\/v2\/comments?post=236"}],"version-history":[{"count":40,"href":"https:\/\/immediateedge.capital\/fr\/wp-json\/wp\/v2\/pages\/236\/revisions"}],"predecessor-version":[{"id":1485,"href":"https:\/\/immediateedge.capital\/fr\/wp-json\/wp\/v2\/pages\/236\/revisions\/1485"}],"wp:attachment":[{"href":"https:\/\/immediateedge.capital\/fr\/wp-json\/wp\/v2\/media?parent=236"}],"curies":[{"name":"wp","href":"https:\/\/api.w.org\/{rel}","templated":true}]}}