{"id":175,"date":"2023-08-23T13:09:06","date_gmt":"2023-08-23T13:09:06","guid":{"rendered":"https:\/\/immediateedge.capital\/?page_id=175"},"modified":"2025-12-12T08:29:53","modified_gmt":"2025-12-12T08:29:53","slug":"a-propos-de-nous","status":"publish","type":"page","link":"https:\/\/immediateedge.capital\/fr\/about-us\/","title":{"rendered":"\u00c0 propos de nous"},"content":{"rendered":"<div data-elementor-type=\"wp-page\" data-elementor-id=\"175\" class=\"elementor elementor-175\" data-elementor-post-type=\"page\">\n\t\t\t\t<div class=\"elementor-element elementor-element-343c2d9 e-flex e-con-boxed e-con e-parent\" data-id=\"343c2d9\" data-element_type=\"container\" data-e-type=\"container\" data-settings=\"{&quot;background_background&quot;:&quot;classic&quot;}\">\n\t\t\t\t\t<div class=\"e-con-inner\">\n\t\t\t\t<div class=\"elementor-element elementor-element-3bcb5aa elementor-widget elementor-widget-heading\" data-id=\"3bcb5aa\" data-element_type=\"widget\" data-e-type=\"widget\" data-widget_type=\"heading.default\">\n\t\t\t\t<div class=\"elementor-widget-container\">\n\t\t\t\t\t<h1 class=\"elementor-heading-title elementor-size-default\">\u00c0 propos de nous<\/h1>\t\t\t\t<\/div>\n\t\t\t\t<\/div>\n\t\t\t\t\t<\/div>\n\t\t\t\t<\/div>\n\t\t<div class=\"elementor-element elementor-element-91abeb6 e-flex e-con-boxed e-con e-parent\" data-id=\"91abeb6\" data-element_type=\"container\" data-e-type=\"container\" data-settings=\"{&quot;background_background&quot;:&quot;classic&quot;}\">\n\t\t\t\t\t<div class=\"e-con-inner\">\n\t\t<div class=\"elementor-element elementor-element-aade642 e-con-full e-flex e-con e-child\" data-id=\"aade642\" data-element_type=\"container\" data-e-type=\"container\">\n\t\t<div class=\"elementor-element elementor-element-2be77a2 e-con-full e-flex e-con e-child\" data-id=\"2be77a2\" data-element_type=\"container\" data-e-type=\"container\">\n\t\t\t\t<div class=\"elementor-element elementor-element-c633768 elementor-widget elementor-widget-heading\" data-id=\"c633768\" data-element_type=\"widget\" data-e-type=\"widget\" data-widget_type=\"heading.default\">\n\t\t\t\t<div class=\"elementor-widget-container\">\n\t\t\t\t\t<h2 class=\"elementor-heading-title elementor-size-default\">Qui sommes-nous ?<\/h2>\t\t\t\t<\/div>\n\t\t\t\t<\/div>\n\t\t\t\t<div class=\"elementor-element elementor-element-5ef1496 elementor-widget elementor-widget-text-editor\" data-id=\"5ef1496\" data-element_type=\"widget\" data-e-type=\"widget\" data-widget_type=\"text-editor.default\">\n\t\t\t\t<div class=\"elementor-widget-container\">\n\t\t\t\t\t\t\t\t\t<p>Permettez-nous de vous pr\u00e9senter les visionnaires qui se cachent derri\u00e8re Immediate Edge : une \u00e9quipe de jeunes entrepreneurs passionn\u00e9s, d\u00e9termin\u00e9s et comp\u00e9tents. Qu\u2019est-ce qui nous distingue ? Notre engagement ind\u00e9fectible \u00e0 favoriser le changement par l\u2019innovation.<\/p><p>Forts de notre exp\u00e9rience dans le trading, nous avons parfaitement compris les d\u00e9fis que pose le recours aux \u00e9motions et aux incertitudes humaines pour r\u00e9aliser des transactions rentables. Nous aspirions \u00e0 cr\u00e9er une approche sup\u00e9rieure \u2013 un outil transparent, pr\u00e9cis, fiable et convivial. Cette volont\u00e9 nous a conduit \u00e0 combiner notre expertise et \u00e0 d\u00e9velopper un syst\u00e8me de trading capable d'ex\u00e9cuter syst\u00e9matiquement des transactions r\u00e9ussies<\/p><p>D\u00e9couvrez Immediate Edge, notre application con\u00e7ue pour am\u00e9liorer le trading en ligne pour les particuliers \u00e0 toutes les \u00e9tapes de leur parcours. Que vous soyez un professionnel exp\u00e9riment\u00e9 ou d\u00e9butant, notre logiciel enrichit vos comp\u00e9tences et maximise vos gains potentiels. Il allie harmonieusement technologie de pointe et connaissances humaines.<\/p><p>Mais notre engagement ne s\u2019arr\u00eate pas l\u00e0. Nous \u00e9coutons en permanence les commentaires de notre communaut\u00e9 de membres et peaufinons et testons sans rel\u00e2che notre logiciel. Pourquoi ? Parce que notre objectif ultime est de permettre aux traders de r\u00e9ussir. Rejoignez-nous et plongez dans le potentiel d\u2019Immediate Edge.<\/p>\t\t\t\t\t\t\t\t<\/div>\n\t\t\t\t<\/div>\n\t\t\t\t<\/div>\n\t\t<div class=\"elementor-element elementor-element-9fd5a60 e-con-full e-flex e-con e-child\" data-id=\"9fd5a60\" data-element_type=\"container\" data-e-type=\"container\">\n\t\t\t\t<div class=\"elementor-element elementor-element-8ddf02e elementor-widget elementor-widget-image\" data-id=\"8ddf02e\" data-element_type=\"widget\" data-e-type=\"widget\" data-widget_type=\"image.default\">\n\t\t\t\t<div class=\"elementor-widget-container\">\n\t\t\t\t\t\t\t\t\t\t\t\t\t\t\t<img fetchpriority=\"high\" decoding=\"async\" width=\"800\" height=\"781\" src=\"https:\/\/immediateedge.capital\/wp-content\/uploads\/2025\/12\/about-img-6-1024x1000-1.webp\" class=\"attachment-large size-large wp-image-1406\" alt=\"\" srcset=\"https:\/\/immediateedge.capital\/wp-content\/uploads\/2025\/12\/about-img-6-1024x1000-1.webp 1024w, https:\/\/immediateedge.capital\/wp-content\/uploads\/2025\/12\/about-img-6-1024x1000-1-300x293.webp 300w, https:\/\/immediateedge.capital\/wp-content\/uploads\/2025\/12\/about-img-6-1024x1000-1-768x750.webp 768w, https:\/\/immediateedge.capital\/wp-content\/uploads\/2025\/12\/about-img-6-1024x1000-1-12x12.webp 12w\" sizes=\"(max-width: 800px) 100vw, 800px\" \/>\t\t\t\t\t\t\t\t\t\t\t\t\t\t\t<\/div>\n\t\t\t\t<\/div>\n\t\t\t\t<\/div>\n\t\t\t\t<\/div>\n\t\t<div class=\"elementor-element elementor-element-8c5f0f4 e-con-full e-flex e-con e-child\" data-id=\"8c5f0f4\" data-element_type=\"container\" data-e-type=\"container\">\n\t\t<div class=\"elementor-element elementor-element-373d9a1 e-con-full e-flex e-con e-child\" data-id=\"373d9a1\" data-element_type=\"container\" data-e-type=\"container\">\n\t\t\t\t<div class=\"elementor-element elementor-element-45fcf6b elementor-widget elementor-widget-image\" data-id=\"45fcf6b\" data-element_type=\"widget\" data-e-type=\"widget\" data-widget_type=\"image.default\">\n\t\t\t\t<div class=\"elementor-widget-container\">\n\t\t\t\t\t\t\t\t\t\t\t\t\t\t\t<img decoding=\"async\" width=\"366\" height=\"296\" src=\"https:\/\/immediateedge.capital\/wp-content\/uploads\/2025\/12\/2-6-ct-blog-compact-1.webp\" class=\"attachment-large size-large wp-image-1405\" alt=\"\" srcset=\"https:\/\/immediateedge.capital\/wp-content\/uploads\/2025\/12\/2-6-ct-blog-compact-1.webp 366w, https:\/\/immediateedge.capital\/wp-content\/uploads\/2025\/12\/2-6-ct-blog-compact-1-300x243.webp 300w, https:\/\/immediateedge.capital\/wp-content\/uploads\/2025\/12\/2-6-ct-blog-compact-1-15x12.webp 15w\" sizes=\"(max-width: 366px) 100vw, 366px\" \/>\t\t\t\t\t\t\t\t\t\t\t\t\t\t\t<\/div>\n\t\t\t\t<\/div>\n\t\t\t\t<\/div>\n\t\t<div class=\"elementor-element elementor-element-9f9af10 e-con-full e-flex e-con e-child\" data-id=\"9f9af10\" data-element_type=\"container\" data-e-type=\"container\">\n\t\t\t\t<div class=\"elementor-element elementor-element-c2a694e elementor-widget elementor-widget-heading\" data-id=\"c2a694e\" data-element_type=\"widget\" data-e-type=\"widget\" data-widget_type=\"heading.default\">\n\t\t\t\t<div class=\"elementor-widget-container\">\n\t\t\t\t\t<h2 class=\"elementor-heading-title elementor-size-default\">Rejoignez notre communaut\u00e9 de traders passionn\u00e9s !<\/h2>\t\t\t\t<\/div>\n\t\t\t\t<\/div>\n\t\t\t\t<div class=\"elementor-element elementor-element-45f8123 elementor-widget elementor-widget-text-editor\" data-id=\"45f8123\" data-element_type=\"widget\" data-e-type=\"widget\" data-widget_type=\"text-editor.default\">\n\t\t\t\t<div class=\"elementor-widget-container\">\n\t\t\t\t\t\t\t\t\t<p>\u00cates-vous pr\u00eat \u00e0 faire partie d'une communaut\u00e9 dynamique de traders passionn\u00e9s et performants ? Ne cherchez pas plus loin qu'Immediate Edge ! Le meilleur, c'est que l'inscription et l'exploration de notre syst\u00e8me de trading sont enti\u00e8rement gratuites.<\/p><p>Une fois inscrit, vous serez agr\u00e9ablement surpris par la convivialit\u00e9 et l\u2019intuitivit\u00e9 de notre syst\u00e8me. Avec des r\u00e9sultats \u00e9prouv\u00e9s, vous pouvez faire confiance \u00e0 Immediate Edge pour optimiser vos investissements. De plus, il n\u2019y a pas d\u2019urgence \u00e0 commencer \u00e0 trader tout de suite \u2013 prenez votre temps pour vous familiariser avec notre logiciel et ses fonctionnalit\u00e9s.<\/p><p>Ne manquez pas cette incroyable opportunit\u00e9 de rejoindre une communaut\u00e9 de traders et de vous lancer dans votre parcours vers les b\u00e9n\u00e9fices. Inscrivez-vous d\u00e8s aujourd'hui et obtenez un acc\u00e8s imm\u00e9diat \u00e0 Immediate Edge. Nous avons h\u00e2te de vous accueillir \u00e0 bord !<\/p>\t\t\t\t\t\t\t\t<\/div>\n\t\t\t\t<\/div>\n\t\t\t\t<\/div>\n\t\t\t\t<\/div>\n\t\t\t\t\t<\/div>\n\t\t\t\t<\/div>\n\t\t\t\t<\/div>","protected":false},"excerpt":{"rendered":"<p>About Us Who Are We? Allow us to introduce the visionaries behind Immediate Edge \u2013 a team of passionate, determined, and knowledgeable young entrepreneurs. What sets us apart? It&#8217;s our unwavering commitment to driving change through innovation. With a background in trading, we intimately understood the challenges of relying on human emotions and uncertainties to [&hellip;]<\/p>\n","protected":false},"author":1,"featured_media":0,"parent":0,"menu_order":0,"comment_status":"closed","ping_status":"closed","template":"elementor_header_footer","meta":{"footnotes":""},"class_list":["post-175","page","type-page","status-publish","hentry"],"_links":{"self":[{"href":"https:\/\/immediateedge.capital\/fr\/wp-json\/wp\/v2\/pages\/175","targetHints":{"allow":["GET"]}}],"collection":[{"href":"https:\/\/immediateedge.capital\/fr\/wp-json\/wp\/v2\/pages"}],"about":[{"href":"https:\/\/immediateedge.capital\/fr\/wp-json\/wp\/v2\/types\/page"}],"author":[{"embeddable":true,"href":"https:\/\/immediateedge.capital\/fr\/wp-json\/wp\/v2\/users\/1"}],"replies":[{"embeddable":true,"href":"https:\/\/immediateedge.capital\/fr\/wp-json\/wp\/v2\/comments?post=175"}],"version-history":[{"count":64,"href":"https:\/\/immediateedge.capital\/fr\/wp-json\/wp\/v2\/pages\/175\/revisions"}],"predecessor-version":[{"id":1418,"href":"https:\/\/immediateedge.capital\/fr\/wp-json\/wp\/v2\/pages\/175\/revisions\/1418"}],"wp:attachment":[{"href":"https:\/\/immediateedge.capital\/fr\/wp-json\/wp\/v2\/media?parent=175"}],"curies":[{"name":"wp","href":"https:\/\/api.w.org\/{rel}","templated":true}]}}