{"id":236,"date":"2023-08-23T14:27:02","date_gmt":"2023-08-23T14:27:02","guid":{"rendered":"https:\/\/immediateedge.capital\/?page_id=236"},"modified":"2026-01-02T10:03:55","modified_gmt":"2026-01-02T10:03:55","slug":"politica-de-privacidad","status":"publish","type":"page","link":"https:\/\/immediateedge.capital\/es\/privacy-policy\/","title":{"rendered":"pol\u00edtica de privacidad"},"content":{"rendered":"<div data-elementor-type=\"wp-page\" data-elementor-id=\"236\" class=\"elementor elementor-236\" data-elementor-post-type=\"page\">\n\t\t\t\t\t\t<section class=\"elementor-section elementor-top-section elementor-element elementor-element-170b34f elementor-section-full_width elementor-section-height-default elementor-section-height-default\" data-id=\"170b34f\" data-element_type=\"section\" data-e-type=\"section\" data-settings=\"{&quot;background_background&quot;:&quot;classic&quot;}\">\n\t\t\t\t\t\t<div class=\"elementor-container elementor-column-gap-default\">\n\t\t\t\t\t<div class=\"elementor-column elementor-col-100 elementor-top-column elementor-element elementor-element-f2f86b6\" data-id=\"f2f86b6\" data-element_type=\"column\" data-e-type=\"column\">\n\t\t\t<div class=\"elementor-widget-wrap elementor-element-populated\">\n\t\t\t\t\t\t<div class=\"elementor-element elementor-element-a97709e elementor-widget elementor-widget-spacer\" data-id=\"a97709e\" data-element_type=\"widget\" data-e-type=\"widget\" data-widget_type=\"spacer.default\">\n\t\t\t\t<div class=\"elementor-widget-container\">\n\t\t\t\t\t\t\t<div class=\"elementor-spacer\">\n\t\t\t<div class=\"elementor-spacer-inner\"><\/div>\n\t\t<\/div>\n\t\t\t\t\t\t<\/div>\n\t\t\t\t<\/div>\n\t\t\t\t<section class=\"elementor-section elementor-inner-section elementor-element elementor-element-2ebbd37 elementor-section-boxed elementor-section-height-default elementor-section-height-default\" data-id=\"2ebbd37\" data-element_type=\"section\" data-e-type=\"section\">\n\t\t\t\t\t\t<div class=\"elementor-container elementor-column-gap-default\">\n\t\t\t\t\t<div class=\"elementor-column elementor-col-100 elementor-inner-column elementor-element elementor-element-08e74b4\" data-id=\"08e74b4\" data-element_type=\"column\" data-e-type=\"column\">\n\t\t\t<div class=\"elementor-widget-wrap elementor-element-populated\">\n\t\t\t\t\t\t<div class=\"elementor-element elementor-element-ace13da elementor-widget elementor-widget-heading\" data-id=\"ace13da\" data-element_type=\"widget\" data-e-type=\"widget\" data-widget_type=\"heading.default\">\n\t\t\t\t<div class=\"elementor-widget-container\">\n\t\t\t\t\t<h1 class=\"elementor-heading-title elementor-size-default\">pol\u00edtica de privacidad<\/h1>\t\t\t\t<\/div>\n\t\t\t\t<\/div>\n\t\t\t\t<div class=\"elementor-element elementor-element-96506c5 elementor-widget elementor-widget-spacer\" data-id=\"96506c5\" data-element_type=\"widget\" data-e-type=\"widget\" data-widget_type=\"spacer.default\">\n\t\t\t\t<div class=\"elementor-widget-container\">\n\t\t\t\t\t\t\t<div class=\"elementor-spacer\">\n\t\t\t<div class=\"elementor-spacer-inner\"><\/div>\n\t\t<\/div>\n\t\t\t\t\t\t<\/div>\n\t\t\t\t<\/div>\n\t\t\t\t<div class=\"elementor-element elementor-element-6cb9db9 elementor-widget elementor-widget-text-editor\" data-id=\"6cb9db9\" data-element_type=\"widget\" data-e-type=\"widget\" data-widget_type=\"text-editor.default\">\n\t\t\t\t<div class=\"elementor-widget-container\">\n\t\t\t\t\t\t\t\t\t<p>Al hacer clic en \"Continuar\", nos otorga permiso para enviarle correos electr\u00f3nicos sobre nuestras ofertas. Si decide no recibir m\u00e1s correos electr\u00f3nicos, puede cancelar su suscripci\u00f3n f\u00e1cilmente en cualquier momento utilizando el enlace \"Cancelar suscripci\u00f3n\" que se encuentra en la parte inferior de cada correo electr\u00f3nico.<\/p><p>El Software otorga gran importancia a salvaguardar la privacidad de cada individuo que visita nuestros sitios web. Esta declaraci\u00f3n de privacidad sirve como una notificaci\u00f3n de los est\u00e1ndares y condiciones a trav\u00e9s de los cuales El Software garantiza la protecci\u00f3n de la informaci\u00f3n proporcionada por los visitantes de los sitios web de propiedad y operados por El Software. incluido el Software y El Software. Nuestra declaraci\u00f3n de privacidad describe nuestras pr\u00e1cticas para recopilar informaci\u00f3n y c\u00f3mo se puede utilizar su informaci\u00f3n. Tenga en cuenta que esta pol\u00edtica puede sufrir cambios peri\u00f3dicamente, por lo que recomendamos revisarla peri\u00f3dicamente.<\/p>\t\t\t\t\t\t\t\t<\/div>\n\t\t\t\t<\/div>\n\t\t\t\t<div class=\"elementor-element elementor-element-d69648d elementor-widget elementor-widget-heading\" data-id=\"d69648d\" data-element_type=\"widget\" data-e-type=\"widget\" data-widget_type=\"heading.default\">\n\t\t\t\t<div class=\"elementor-widget-container\">\n\t\t\t\t\t<h1 class=\"elementor-heading-title elementor-size-default\">Info r sonido de la calle nosotros ni\u00f1o CT\n<\/h1>\t\t\t\t<\/div>\n\t\t\t\t<\/div>\n\t\t\t\t<div class=\"elementor-element elementor-element-ca3a8ef elementor-widget elementor-widget-text-editor\" data-id=\"ca3a8ef\" data-element_type=\"widget\" data-e-type=\"widget\" data-widget_type=\"text-editor.default\">\n\t\t\t\t<div class=\"elementor-widget-container\">\n\t\t\t\t\t\t\t\t\t<p>La informaci\u00f3n personal que se le solicita y las razones por las que se le solicita que la proporcione se le explicar\u00e1n claramente en el momento en que le solicitemos que proporcione su informaci\u00f3n personal. Si se comunica con nosotros directamente, es posible que recibamos informaci\u00f3n adicional sobre usted, como su nombre, direcci\u00f3n de correo electr\u00f3nico, n\u00famero de tel\u00e9fono, el contenido del mensaje o los archivos adjuntos que nos env\u00ede y cualquier otra informaci\u00f3n que elija proporcionar. Cuando se registra para obtener una cuenta, es posible que le pidamos su informaci\u00f3n de contacto, incluidos elementos como el nombre, el nombre de la empresa, la direcci\u00f3n, la direcci\u00f3n de correo electr\u00f3nico y el n\u00famero de tel\u00e9fono.<\/p>\t\t\t\t\t\t\t\t<\/div>\n\t\t\t\t<\/div>\n\t\t\t\t<div class=\"elementor-element elementor-element-c08387a elementor-widget elementor-widget-heading\" data-id=\"c08387a\" data-element_type=\"widget\" data-e-type=\"widget\" data-widget_type=\"heading.default\">\n\t\t\t\t<div class=\"elementor-widget-container\">\n\t\t\t\t\t<h2 class=\"elementor-heading-title elementor-size-default\">A. Informaci\u00f3n de identificaci\u00f3n personal:<\/h2>\t\t\t\t<\/div>\n\t\t\t\t<\/div>\n\t\t\t\t<div class=\"elementor-element elementor-element-d5f8a12 elementor-widget elementor-widget-text-editor\" data-id=\"d5f8a12\" data-element_type=\"widget\" data-e-type=\"widget\" data-widget_type=\"text-editor.default\">\n\t\t\t\t<div class=\"elementor-widget-container\">\n\t\t\t\t\t\t\t\t\t<p>The software collects specific data from website visitors when voluntarily provided. This includes instances when visitors request information, purchase services, open customer support inquiries, submit employment-related information, or send emails. Some activities require sharing information, such as making a purchase, using a credit card for payment, submitting a resume, or requesting specific information. When visitors provide personally identifiable information through the software&#8217;s websites, it is used to fulfill the specific request made. In most cases, visitors have the option to decide whether the software can use this information for additional purposes. Visitors can also request that the software not utilize the information by emailing support@immediateedge.capital. However, the software reserves the right, at its discretion, to send bulletins and important information about its services. In the absence of specific instructions, the software may use the provided information to notify visitors about additional services, products, or offerings from the software&#8217;s family of companies, authorized agents, and other service providers with whom the software maintains relationships, and whose offerings might be of interest.<\/p><p>El software no vender\u00e1 ni comercializar\u00e1 informaci\u00f3n personal identificable a menos que est\u00e9 autorizado o sea requerido legalmente, o en casos que impliquen da\u00f1o f\u00edsico inminente al visitante o a otras personas. En los sitios web en los que los visitantes proporcionan informaci\u00f3n de tarjetas de cr\u00e9dito o de pedidos, el software protege esta informaci\u00f3n mediante protocolos est\u00e1ndar de seguridad y cifrado basados \u200b\u200ben la web, como Secure Socket Layer (SSL) y Secure Electronic Transaction (SET). Cuando los visitantes comparten voluntariamente comentarios, datos, respuestas, preguntas, comentarios, sugerencias, ideas o informaci\u00f3n similar en ciertos sitios, el software considera esa parte de la informaci\u00f3n como no confidencial y no propietaria. A menos que se indique lo contrario en esta declaraci\u00f3n de privacidad, el software no asume ninguna obligaci\u00f3n de proteger dicha informaci\u00f3n contra su divulgaci\u00f3n.<\/p><p>Es importante tener en cuenta que los ejemplos presentados en estos materiales no deben interpretarse como una promesa o garant\u00eda de ganancias. El potencial de ganancias depende completamente del uso individual del producto, las ideas, las t\u00e9cnicas y el esfuerzo invertido. Estos materiales no se presentan como un \u201cplan para hacerse rico\u201d y se recomienda no verlos como tal.<\/p>\t\t\t\t\t\t\t\t<\/div>\n\t\t\t\t<\/div>\n\t\t\t\t<div class=\"elementor-element elementor-element-35b6225 elementor-widget elementor-widget-heading\" data-id=\"35b6225\" data-element_type=\"widget\" data-e-type=\"widget\" data-widget_type=\"heading.default\">\n\t\t\t\t<div class=\"elementor-widget-container\">\n\t\t\t\t\t<h2 class=\"elementor-heading-title elementor-size-default\">B. Informaci\u00f3n no personalmente identificable (gen\u00e9rica):<\/h2>\t\t\t\t<\/div>\n\t\t\t\t<\/div>\n\t\t\t\t<div class=\"elementor-element elementor-element-ec9ec4f elementor-widget elementor-widget-text-editor\" data-id=\"ec9ec4f\" data-element_type=\"widget\" data-e-type=\"widget\" data-widget_type=\"text-editor.default\">\n\t\t\t\t<div class=\"elementor-widget-container\">\n\t\t\t\t\t\t\t\t\t<p>Como pr\u00e1ctica est\u00e1ndar, el Software recopila autom\u00e1ticamente informaci\u00f3n gen\u00e9rica que no revela la identidad del visitante. Esta informaci\u00f3n generalmente incluye detalles como la direcci\u00f3n de Internet asignada a la computadora del visitante, la frecuencia de las visitas y los sitios espec\u00edficos del Software visitados. El prop\u00f3sito de recopilar esta informaci\u00f3n es evaluar los requisitos de servicio al cliente y las necesidades del sitio web. Para lograr esto, se utilizan ciertas tecnolog\u00edas, incluidas las \"cookies\" (que brindan a los visitantes informaci\u00f3n personalizada sobre los servicios del Software). Es importante aclarar que la informaci\u00f3n recopilada a trav\u00e9s de este m\u00e9todo no se combina con ninguna informaci\u00f3n de identificaci\u00f3n personal. Los visitantes tienen la opci\u00f3n de configurar los ajustes de su navegador para recibir notificaciones cuando se recibe una cookie y pueden optar por rechazarla.<\/p>\t\t\t\t\t\t\t\t<\/div>\n\t\t\t\t<\/div>\n\t\t\t\t<div class=\"elementor-element elementor-element-2688b7d elementor-widget elementor-widget-heading\" data-id=\"2688b7d\" data-element_type=\"widget\" data-e-type=\"widget\" data-widget_type=\"heading.default\">\n\t\t\t\t<div class=\"elementor-widget-container\">\n\t\t\t\t\t<h2 class=\"elementor-heading-title elementor-size-default\">\nC. Su sitio web alojado en el software, servidor, tablones de anuncios, foro y sitios de terceros:<\/h2>\t\t\t\t<\/div>\n\t\t\t\t<\/div>\n\t\t\t\t<div class=\"elementor-element elementor-element-b6c1fb7 elementor-widget elementor-widget-text-editor\" data-id=\"b6c1fb7\" data-element_type=\"widget\" data-e-type=\"widget\" data-widget_type=\"text-editor.default\">\n\t\t\t\t<div class=\"elementor-widget-container\">\n\t\t\t\t\t\t\t\t\t<p>Cualquier informaci\u00f3n que usted elija compartir en un espacio p\u00fablico, como un tabl\u00f3n de anuncios, una sala de chat o un sitio web alojado por el Software, se vuelve accesible para cualquier otra persona que visite ese espacio. El Software no puede garantizar la protecci\u00f3n de ninguna informaci\u00f3n divulgada en dichas \u00e1reas. Adem\u00e1s, los sitios web del Software pueden incluir enlaces a sitios de terceros que no est\u00e1n afiliados al Software. En tales casos, el Software no puede garantizar la seguridad de ninguna informaci\u00f3n que usted pueda divulgar en esos sitios externos y recomienda revisar las declaraciones de pol\u00edtica de privacidad de esos sitios antes de visitarlos.<\/p>\t\t\t\t\t\t\t\t<\/div>\n\t\t\t\t<\/div>\n\t\t\t\t<div class=\"elementor-element elementor-element-39bb437 elementor-widget elementor-widget-heading\" data-id=\"39bb437\" data-element_type=\"widget\" data-e-type=\"widget\" data-widget_type=\"heading.default\">\n\t\t\t\t<div class=\"elementor-widget-container\">\n\t\t\t\t\t<h2 class=\"elementor-heading-title elementor-size-default\">D. Excepciones y limitaciones:<\/h2>\t\t\t\t<\/div>\n\t\t\t\t<\/div>\n\t\t\t\t<div class=\"elementor-element elementor-element-27870a6 elementor-widget elementor-widget-text-editor\" data-id=\"27870a6\" data-element_type=\"widget\" data-e-type=\"widget\" data-widget_type=\"text-editor.default\">\n\t\t\t\t<div class=\"elementor-widget-container\">\n\t\t\t\t\t\t\t\t\t<p>De conformidad con las leyes aplicables, el Software<br \/>(i) coopera plenamente con las autoridades estatales, locales y federales en cualquier investigaci\u00f3n relacionada con el contenido (incluidas las comunicaciones electr\u00f3nicas personales o privadas transmitidas al Software) o supuestas actividades ilegales de cualquier usuario del Servicio, y <br \/>(ii) toma medidas razonables para salvaguardar sus derechos de propiedad. En el \u00e1mbito limitado de lograr dicha cooperaci\u00f3n y medidas y de conformidad con las leyes pertinentes, el Software puede necesitar revelar informaci\u00f3n de identificaci\u00f3n personal. Adem\u00e1s, el Software puede optar por monitorear \u00e1reas de comunicaci\u00f3n de cualquier tipo.<\/p><p>(i) para cumplir con cualquier ley, regulaci\u00f3n o solicitud gubernamental; <br \/>(ii) si dicha divulgaci\u00f3n es necesaria para el funcionamiento del Software; o <br \/>(iii) to protect the rights or property of The Software or others.<\/p><p>In connection with the potential sale or transfer of any of its interests in The Software and The Software&#8217;s other owned sites, the company reserves the right to sell or transfer your information (including, but not limited to, name, address information, and other information you provided to The Software) to a third party that <br \/>(i) se especializa en productos o servicios de comunicaci\u00f3n; <br \/>(ii) acepta heredar los intereses del Software en lo que respecta al mantenimiento y la protecci\u00f3n de la informaci\u00f3n recopilada; y <br \/>(iii) acepta cumplir con las obligaciones establecidas en esta declaraci\u00f3n de pol\u00edtica.<\/p>\t\t\t\t\t\t\t\t<\/div>\n\t\t\t\t<\/div>\n\t\t\t\t<div class=\"elementor-element elementor-element-01731f1 elementor-widget elementor-widget-heading\" data-id=\"01731f1\" data-element_type=\"widget\" data-e-type=\"widget\" data-widget_type=\"heading.default\">\n\t\t\t\t<div class=\"elementor-widget-container\">\n\t\t\t\t\t<h2 class=\"elementor-heading-title elementor-size-default\">E. Contact Us:<\/h2>\t\t\t\t<\/div>\n\t\t\t\t<\/div>\n\t\t\t\t<div class=\"elementor-element elementor-element-110a7e7 elementor-widget elementor-widget-text-editor\" data-id=\"110a7e7\" data-element_type=\"widget\" data-e-type=\"widget\" data-widget_type=\"text-editor.default\">\n\t\t\t\t<div class=\"elementor-widget-container\">\n\t\t\t\t\t\t\t\t\t<p>If you have any question then contact us at our email <a href=\"mailto:support@immediateedge.capital\">support@immediateedge.capital<\/a><\/p>\t\t\t\t\t\t\t\t<\/div>\n\t\t\t\t<\/div>\n\t\t\t\t\t<\/div>\n\t\t<\/div>\n\t\t\t\t\t<\/div>\n\t\t<\/section>\n\t\t\t\t<div class=\"elementor-element elementor-element-797c9a0 elementor-widget elementor-widget-spacer\" data-id=\"797c9a0\" data-element_type=\"widget\" data-e-type=\"widget\" data-widget_type=\"spacer.default\">\n\t\t\t\t<div class=\"elementor-widget-container\">\n\t\t\t\t\t\t\t<div class=\"elementor-spacer\">\n\t\t\t<div class=\"elementor-spacer-inner\"><\/div>\n\t\t<\/div>\n\t\t\t\t\t\t<\/div>\n\t\t\t\t<\/div>\n\t\t\t\t\t<\/div>\n\t\t<\/div>\n\t\t\t\t\t<\/div>\n\t\t<\/section>\n\t\t\t\t<\/div>","protected":false},"excerpt":{"rendered":"<p>Privacy Policy By clicking &#8220;Continue,&#8221; you grant us permission to send you emails regarding our offers. If you decide not to receive further emails, you can easily opt out at any time using the &#8220;Unsubscribe&#8221; link provided at the bottom of each email. The Software places great importance on safeguarding the privacy of every individual [&hellip;]<\/p>\n","protected":false},"author":1,"featured_media":0,"parent":0,"menu_order":0,"comment_status":"closed","ping_status":"closed","template":"elementor_header_footer","meta":{"footnotes":""},"class_list":["post-236","page","type-page","status-publish","hentry"],"_links":{"self":[{"href":"https:\/\/immediateedge.capital\/es\/wp-json\/wp\/v2\/pages\/236","targetHints":{"allow":["GET"]}}],"collection":[{"href":"https:\/\/immediateedge.capital\/es\/wp-json\/wp\/v2\/pages"}],"about":[{"href":"https:\/\/immediateedge.capital\/es\/wp-json\/wp\/v2\/types\/page"}],"author":[{"embeddable":true,"href":"https:\/\/immediateedge.capital\/es\/wp-json\/wp\/v2\/users\/1"}],"replies":[{"embeddable":true,"href":"https:\/\/immediateedge.capital\/es\/wp-json\/wp\/v2\/comments?post=236"}],"version-history":[{"count":40,"href":"https:\/\/immediateedge.capital\/es\/wp-json\/wp\/v2\/pages\/236\/revisions"}],"predecessor-version":[{"id":1485,"href":"https:\/\/immediateedge.capital\/es\/wp-json\/wp\/v2\/pages\/236\/revisions\/1485"}],"wp:attachment":[{"href":"https:\/\/immediateedge.capital\/es\/wp-json\/wp\/v2\/media?parent=236"}],"curies":[{"name":"wp","href":"https:\/\/api.w.org\/{rel}","templated":true}]}}