{"id":175,"date":"2023-08-23T13:09:06","date_gmt":"2023-08-23T13:09:06","guid":{"rendered":"https:\/\/immediateedge.capital\/?page_id=175"},"modified":"2025-12-12T08:29:53","modified_gmt":"2025-12-12T08:29:53","slug":"sobre-nosotras","status":"publish","type":"page","link":"https:\/\/immediateedge.capital\/es\/about-us\/","title":{"rendered":"Sobre nosotras"},"content":{"rendered":"<div data-elementor-type=\"wp-page\" data-elementor-id=\"175\" class=\"elementor elementor-175\" data-elementor-post-type=\"page\">\n\t\t\t\t<div class=\"elementor-element elementor-element-343c2d9 e-flex e-con-boxed e-con e-parent\" data-id=\"343c2d9\" data-element_type=\"container\" data-e-type=\"container\" data-settings=\"{&quot;background_background&quot;:&quot;classic&quot;}\">\n\t\t\t\t\t<div class=\"e-con-inner\">\n\t\t\t\t<div class=\"elementor-element elementor-element-3bcb5aa elementor-widget elementor-widget-heading\" data-id=\"3bcb5aa\" data-element_type=\"widget\" data-e-type=\"widget\" data-widget_type=\"heading.default\">\n\t\t\t\t<div class=\"elementor-widget-container\">\n\t\t\t\t\t<h1 class=\"elementor-heading-title elementor-size-default\">Sobre nosotras<\/h1>\t\t\t\t<\/div>\n\t\t\t\t<\/div>\n\t\t\t\t\t<\/div>\n\t\t\t\t<\/div>\n\t\t<div class=\"elementor-element elementor-element-91abeb6 e-flex e-con-boxed e-con e-parent\" data-id=\"91abeb6\" data-element_type=\"container\" data-e-type=\"container\" data-settings=\"{&quot;background_background&quot;:&quot;classic&quot;}\">\n\t\t\t\t\t<div class=\"e-con-inner\">\n\t\t<div class=\"elementor-element elementor-element-aade642 e-con-full e-flex e-con e-child\" data-id=\"aade642\" data-element_type=\"container\" data-e-type=\"container\">\n\t\t<div class=\"elementor-element elementor-element-2be77a2 e-con-full e-flex e-con e-child\" data-id=\"2be77a2\" data-element_type=\"container\" data-e-type=\"container\">\n\t\t\t\t<div class=\"elementor-element elementor-element-c633768 elementor-widget elementor-widget-heading\" data-id=\"c633768\" data-element_type=\"widget\" data-e-type=\"widget\" data-widget_type=\"heading.default\">\n\t\t\t\t<div class=\"elementor-widget-container\">\n\t\t\t\t\t<h2 class=\"elementor-heading-title elementor-size-default\">Quienes somos nosotras<\/h2>\t\t\t\t<\/div>\n\t\t\t\t<\/div>\n\t\t\t\t<div class=\"elementor-element elementor-element-5ef1496 elementor-widget elementor-widget-text-editor\" data-id=\"5ef1496\" data-element_type=\"widget\" data-e-type=\"widget\" data-widget_type=\"text-editor.default\">\n\t\t\t\t<div class=\"elementor-widget-container\">\n\t\t\t\t\t\t\t\t\t<p>Perm\u00edtanos presentarles a los visionarios detr\u00e1s de Immediate Edge: un equipo de j\u00f3venes emprendedores apasionados, decididos y expertos. \u00bfQu\u00e9 nos distingue? Nuestro compromiso inquebrantable de impulsar el cambio a trav\u00e9s de la innovaci\u00f3n.<\/p><p>Con experiencia en trading, entend\u00edamos profundamente los desaf\u00edos de confiar en las emociones humanas y las incertidumbres para lograr operaciones rentables. Aspiramos a crear un enfoque superior: una herramienta que fuera perfecta, precisa, confiable y f\u00e1cil de usar. Este impulso nos llev\u00f3 a combinar nuestra experiencia y desarrollar un sistema de trading que ejecutara operaciones exitosas de manera consistente.<\/p><p>Conozca Immediate Edge, nuestra aplicaci\u00f3n dise\u00f1ada para mejorar el trading en l\u00ednea de las personas en todas las etapas de su trayectoria. Ya sea que sea un profesional experimentado o reci\u00e9n est\u00e9 comenzando, nuestro software enriquece sus habilidades y maximiza las ganancias potenciales. Combina a la perfecci\u00f3n tecnolog\u00eda de vanguardia con conocimientos humanos.<\/p><p>Pero nuestro compromiso no termina ah\u00ed. Escuchamos continuamente los comentarios de nuestra comunidad de miembros y refinamos y probamos nuestro software incansablemente. \u00bfPor qu\u00e9? Porque nuestro objetivo final es potenciar el \u00e9xito de los traders. \u00danase a nosotros y sum\u00e9rjase en el potencial de Immediate Edge.<\/p>\t\t\t\t\t\t\t\t<\/div>\n\t\t\t\t<\/div>\n\t\t\t\t<\/div>\n\t\t<div class=\"elementor-element elementor-element-9fd5a60 e-con-full e-flex e-con e-child\" data-id=\"9fd5a60\" data-element_type=\"container\" data-e-type=\"container\">\n\t\t\t\t<div class=\"elementor-element elementor-element-8ddf02e elementor-widget elementor-widget-image\" data-id=\"8ddf02e\" data-element_type=\"widget\" data-e-type=\"widget\" data-widget_type=\"image.default\">\n\t\t\t\t<div class=\"elementor-widget-container\">\n\t\t\t\t\t\t\t\t\t\t\t\t\t\t\t<img fetchpriority=\"high\" decoding=\"async\" width=\"800\" height=\"781\" src=\"https:\/\/immediateedge.capital\/wp-content\/uploads\/2025\/12\/about-img-6-1024x1000-1.webp\" class=\"attachment-large size-large wp-image-1406\" alt=\"\" srcset=\"https:\/\/immediateedge.capital\/wp-content\/uploads\/2025\/12\/about-img-6-1024x1000-1.webp 1024w, https:\/\/immediateedge.capital\/wp-content\/uploads\/2025\/12\/about-img-6-1024x1000-1-300x293.webp 300w, https:\/\/immediateedge.capital\/wp-content\/uploads\/2025\/12\/about-img-6-1024x1000-1-768x750.webp 768w, https:\/\/immediateedge.capital\/wp-content\/uploads\/2025\/12\/about-img-6-1024x1000-1-12x12.webp 12w\" sizes=\"(max-width: 800px) 100vw, 800px\" \/>\t\t\t\t\t\t\t\t\t\t\t\t\t\t\t<\/div>\n\t\t\t\t<\/div>\n\t\t\t\t<\/div>\n\t\t\t\t<\/div>\n\t\t<div class=\"elementor-element elementor-element-8c5f0f4 e-con-full e-flex e-con e-child\" data-id=\"8c5f0f4\" data-element_type=\"container\" data-e-type=\"container\">\n\t\t<div class=\"elementor-element elementor-element-373d9a1 e-con-full e-flex e-con e-child\" data-id=\"373d9a1\" data-element_type=\"container\" data-e-type=\"container\">\n\t\t\t\t<div class=\"elementor-element elementor-element-45fcf6b elementor-widget elementor-widget-image\" data-id=\"45fcf6b\" data-element_type=\"widget\" data-e-type=\"widget\" data-widget_type=\"image.default\">\n\t\t\t\t<div class=\"elementor-widget-container\">\n\t\t\t\t\t\t\t\t\t\t\t\t\t\t\t<img decoding=\"async\" width=\"366\" height=\"296\" src=\"https:\/\/immediateedge.capital\/wp-content\/uploads\/2025\/12\/2-6-ct-blog-compact-1.webp\" class=\"attachment-large size-large wp-image-1405\" alt=\"\" srcset=\"https:\/\/immediateedge.capital\/wp-content\/uploads\/2025\/12\/2-6-ct-blog-compact-1.webp 366w, https:\/\/immediateedge.capital\/wp-content\/uploads\/2025\/12\/2-6-ct-blog-compact-1-300x243.webp 300w, https:\/\/immediateedge.capital\/wp-content\/uploads\/2025\/12\/2-6-ct-blog-compact-1-15x12.webp 15w\" sizes=\"(max-width: 366px) 100vw, 366px\" \/>\t\t\t\t\t\t\t\t\t\t\t\t\t\t\t<\/div>\n\t\t\t\t<\/div>\n\t\t\t\t<\/div>\n\t\t<div class=\"elementor-element elementor-element-9f9af10 e-con-full e-flex e-con e-child\" data-id=\"9f9af10\" data-element_type=\"container\" data-e-type=\"container\">\n\t\t\t\t<div class=\"elementor-element elementor-element-c2a694e elementor-widget elementor-widget-heading\" data-id=\"c2a694e\" data-element_type=\"widget\" data-e-type=\"widget\" data-widget_type=\"heading.default\">\n\t\t\t\t<div class=\"elementor-widget-container\">\n\t\t\t\t\t<h2 class=\"elementor-heading-title elementor-size-default\">\u00a1\u00danete a nuestra comunidad de comerciantes apasionadas!<\/h2>\t\t\t\t<\/div>\n\t\t\t\t<\/div>\n\t\t\t\t<div class=\"elementor-element elementor-element-45f8123 elementor-widget elementor-widget-text-editor\" data-id=\"45f8123\" data-element_type=\"widget\" data-e-type=\"widget\" data-widget_type=\"text-editor.default\">\n\t\t\t\t<div class=\"elementor-widget-container\">\n\t\t\t\t\t\t\t\t\t<p>\u00bfEst\u00e1s listo para formar parte de una comunidad din\u00e1mica de traders apasionados y exitosos? \u00a1No busques m\u00e1s que Immediate Edge! La mejor parte es que registrarse y explorar nuestro sistema de trading es completamente gratis.<\/p><p>Una vez que te unas, te sorprender\u00e1 gratamente lo f\u00e1cil de usar e intuitivo que es nuestro sistema. Con un historial de resultados comprobado, puedes confiar en Immediate Edge para optimizar tus inversiones. Adem\u00e1s, no hay prisa por comenzar a operar de inmediato: t\u00f3mate tu tiempo para familiarizarte con nuestro software y sus funciones.<\/p><p>No pierda esta incre\u00edble oportunidad de unirse a una comunidad de traders y emprender su viaje hacia las ganancias. Reg\u00edstrese hoy y obtenga acceso inmediato a Immediate Edge. \u00a1Estamos ansiosos por darle la bienvenida a bordo!<\/p>\t\t\t\t\t\t\t\t<\/div>\n\t\t\t\t<\/div>\n\t\t\t\t<\/div>\n\t\t\t\t<\/div>\n\t\t\t\t\t<\/div>\n\t\t\t\t<\/div>\n\t\t\t\t<\/div>","protected":false},"excerpt":{"rendered":"<p>About Us Who Are We? Allow us to introduce the visionaries behind Immediate Edge \u2013 a team of passionate, determined, and knowledgeable young entrepreneurs. What sets us apart? It&#8217;s our unwavering commitment to driving change through innovation. With a background in trading, we intimately understood the challenges of relying on human emotions and uncertainties to [&hellip;]<\/p>\n","protected":false},"author":1,"featured_media":0,"parent":0,"menu_order":0,"comment_status":"closed","ping_status":"closed","template":"elementor_header_footer","meta":{"footnotes":""},"class_list":["post-175","page","type-page","status-publish","hentry"],"_links":{"self":[{"href":"https:\/\/immediateedge.capital\/es\/wp-json\/wp\/v2\/pages\/175","targetHints":{"allow":["GET"]}}],"collection":[{"href":"https:\/\/immediateedge.capital\/es\/wp-json\/wp\/v2\/pages"}],"about":[{"href":"https:\/\/immediateedge.capital\/es\/wp-json\/wp\/v2\/types\/page"}],"author":[{"embeddable":true,"href":"https:\/\/immediateedge.capital\/es\/wp-json\/wp\/v2\/users\/1"}],"replies":[{"embeddable":true,"href":"https:\/\/immediateedge.capital\/es\/wp-json\/wp\/v2\/comments?post=175"}],"version-history":[{"count":64,"href":"https:\/\/immediateedge.capital\/es\/wp-json\/wp\/v2\/pages\/175\/revisions"}],"predecessor-version":[{"id":1418,"href":"https:\/\/immediateedge.capital\/es\/wp-json\/wp\/v2\/pages\/175\/revisions\/1418"}],"wp:attachment":[{"href":"https:\/\/immediateedge.capital\/es\/wp-json\/wp\/v2\/media?parent=175"}],"curies":[{"name":"wp","href":"https:\/\/api.w.org\/{rel}","templated":true}]}}