{"id":236,"date":"2023-08-23T14:27:02","date_gmt":"2023-08-23T14:27:02","guid":{"rendered":"https:\/\/immediateedge.capital\/?page_id=236"},"modified":"2026-01-02T10:03:55","modified_gmt":"2026-01-02T10:03:55","slug":"privacy-policy","status":"publish","type":"page","link":"https:\/\/immediateedge.capital\/de\/privacy-policy\/","title":{"rendered":"Datenschutzrichtlinie"},"content":{"rendered":"<div data-elementor-type=\"wp-page\" data-elementor-id=\"236\" class=\"elementor elementor-236\" data-elementor-post-type=\"page\">\n\t\t\t\t\t\t<section class=\"elementor-section elementor-top-section elementor-element elementor-element-170b34f elementor-section-full_width elementor-section-height-default elementor-section-height-default\" data-id=\"170b34f\" data-element_type=\"section\" data-e-type=\"section\" data-settings=\"{&quot;background_background&quot;:&quot;classic&quot;}\">\n\t\t\t\t\t\t<div class=\"elementor-container elementor-column-gap-default\">\n\t\t\t\t\t<div class=\"elementor-column elementor-col-100 elementor-top-column elementor-element elementor-element-f2f86b6\" data-id=\"f2f86b6\" data-element_type=\"column\" data-e-type=\"column\">\n\t\t\t<div class=\"elementor-widget-wrap elementor-element-populated\">\n\t\t\t\t\t\t<div class=\"elementor-element elementor-element-a97709e elementor-widget elementor-widget-spacer\" data-id=\"a97709e\" data-element_type=\"widget\" data-e-type=\"widget\" data-widget_type=\"spacer.default\">\n\t\t\t\t<div class=\"elementor-widget-container\">\n\t\t\t\t\t\t\t<div class=\"elementor-spacer\">\n\t\t\t<div class=\"elementor-spacer-inner\"><\/div>\n\t\t<\/div>\n\t\t\t\t\t\t<\/div>\n\t\t\t\t<\/div>\n\t\t\t\t<section class=\"elementor-section elementor-inner-section elementor-element elementor-element-2ebbd37 elementor-section-boxed elementor-section-height-default elementor-section-height-default\" data-id=\"2ebbd37\" data-element_type=\"section\" data-e-type=\"section\">\n\t\t\t\t\t\t<div class=\"elementor-container elementor-column-gap-default\">\n\t\t\t\t\t<div class=\"elementor-column elementor-col-100 elementor-inner-column elementor-element elementor-element-08e74b4\" data-id=\"08e74b4\" data-element_type=\"column\" data-e-type=\"column\">\n\t\t\t<div class=\"elementor-widget-wrap elementor-element-populated\">\n\t\t\t\t\t\t<div class=\"elementor-element elementor-element-ace13da elementor-widget elementor-widget-heading\" data-id=\"ace13da\" data-element_type=\"widget\" data-e-type=\"widget\" data-widget_type=\"heading.default\">\n\t\t\t\t<div class=\"elementor-widget-container\">\n\t\t\t\t\t<h1 class=\"elementor-heading-title elementor-size-default\">Datenschutzrichtlinie<\/h1>\t\t\t\t<\/div>\n\t\t\t\t<\/div>\n\t\t\t\t<div class=\"elementor-element elementor-element-96506c5 elementor-widget elementor-widget-spacer\" data-id=\"96506c5\" data-element_type=\"widget\" data-e-type=\"widget\" data-widget_type=\"spacer.default\">\n\t\t\t\t<div class=\"elementor-widget-container\">\n\t\t\t\t\t\t\t<div class=\"elementor-spacer\">\n\t\t\t<div class=\"elementor-spacer-inner\"><\/div>\n\t\t<\/div>\n\t\t\t\t\t\t<\/div>\n\t\t\t\t<\/div>\n\t\t\t\t<div class=\"elementor-element elementor-element-6cb9db9 elementor-widget elementor-widget-text-editor\" data-id=\"6cb9db9\" data-element_type=\"widget\" data-e-type=\"widget\" data-widget_type=\"text-editor.default\">\n\t\t\t\t<div class=\"elementor-widget-container\">\n\t\t\t\t\t\t\t\t\t<p>Indem Sie auf \u201eWeiter\u201c klicken, erteilen Sie uns die Erlaubnis, Ihnen E-Mails zu unseren Angeboten zu senden. Wenn Sie sich entscheiden, keine weiteren E-Mails mehr zu erhalten, k\u00f6nnen Sie sich jederzeit ganz einfach \u00fcber den Link \u201eAbbestellen\u201c am Ende jeder E-Mail abmelden.<\/p><p>Die Software legt gro\u00dfen Wert auf den Schutz der Privatsph\u00e4re jedes Einzelnen, der unsere Websites besucht. Diese Datenschutzerkl\u00e4rung dient als Hinweis auf die Standards und Bedingungen, durch die die Software den Schutz der Informationen gew\u00e4hrleistet, die von Besuchern der Websites bereitgestellt werden, die der Software geh\u00f6ren und von ihr betrieben werden. einschlie\u00dflich der Software und der Software. Unsere Datenschutzerkl\u00e4rung beschreibt unsere Vorgehensweise bei der Erhebung von Informationen und wie Ihre Daten m\u00f6glicherweise verwendet werden. Bitte beachten Sie, dass diese Richtlinie regelm\u00e4\u00dfig ge\u00e4ndert werden kann. Wir empfehlen daher, diese Informationen regelm\u00e4\u00dfig zu \u00fcberpr\u00fcfen.<\/p>\t\t\t\t\t\t\t\t<\/div>\n\t\t\t\t<\/div>\n\t\t\t\t<div class=\"elementor-element elementor-element-d69648d elementor-widget elementor-widget-heading\" data-id=\"d69648d\" data-element_type=\"widget\" data-e-type=\"widget\" data-widget_type=\"heading.default\">\n\t\t\t\t<div class=\"elementor-widget-container\">\n\t\t\t\t\t<h1 class=\"elementor-heading-title elementor-size-default\">Info r Stra\u00dfensound wir Kind CT\n<\/h1>\t\t\t\t<\/div>\n\t\t\t\t<\/div>\n\t\t\t\t<div class=\"elementor-element elementor-element-ca3a8ef elementor-widget elementor-widget-text-editor\" data-id=\"ca3a8ef\" data-element_type=\"widget\" data-e-type=\"widget\" data-widget_type=\"text-editor.default\">\n\t\t\t\t<div class=\"elementor-widget-container\">\n\t\t\t\t\t\t\t\t\t<p>Die pers\u00f6nlichen Daten, die Sie angeben m\u00fcssen, und die Gr\u00fcnde, warum Sie dazu aufgefordert werden, werden Ihnen zum Zeitpunkt der Aufforderung zur Angabe Ihrer pers\u00f6nlichen Daten klar mitgeteilt. Wenn Sie uns direkt kontaktieren, erhalten wir m\u00f6glicherweise zus\u00e4tzliche Informationen \u00fcber Sie, wie Ihren Namen, Ihre E-Mail-Adresse, Ihre Telefonnummer, den Inhalt der Nachricht und\/oder Anh\u00e4nge, die Sie uns senden, und alle anderen Informationen, die Sie uns m\u00f6glicherweise zur Verf\u00fcgung stellen. Wenn Sie sich f\u00fcr ein Konto registrieren, fragen wir Sie m\u00f6glicherweise nach Ihren Kontaktinformationen, einschlie\u00dflich Angaben wie Name, Firmenname, Adresse, E-Mail-Adresse und Telefonnummer.<\/p>\t\t\t\t\t\t\t\t<\/div>\n\t\t\t\t<\/div>\n\t\t\t\t<div class=\"elementor-element elementor-element-c08387a elementor-widget elementor-widget-heading\" data-id=\"c08387a\" data-element_type=\"widget\" data-e-type=\"widget\" data-widget_type=\"heading.default\">\n\t\t\t\t<div class=\"elementor-widget-container\">\n\t\t\t\t\t<h2 class=\"elementor-heading-title elementor-size-default\">A. Pers\u00f6nlich identifizierbare Informationen:<\/h2>\t\t\t\t<\/div>\n\t\t\t\t<\/div>\n\t\t\t\t<div class=\"elementor-element elementor-element-d5f8a12 elementor-widget elementor-widget-text-editor\" data-id=\"d5f8a12\" data-element_type=\"widget\" data-e-type=\"widget\" data-widget_type=\"text-editor.default\">\n\t\t\t\t<div class=\"elementor-widget-container\">\n\t\t\t\t\t\t\t\t\t<p>The software collects specific data from website visitors when voluntarily provided. This includes instances when visitors request information, purchase services, open customer support inquiries, submit employment-related information, or send emails. Some activities require sharing information, such as making a purchase, using a credit card for payment, submitting a resume, or requesting specific information. When visitors provide personally identifiable information through the software&#8217;s websites, it is used to fulfill the specific request made. In most cases, visitors have the option to decide whether the software can use this information for additional purposes. Visitors can also request that the software not utilize the information by emailing support@immediateedge.capital. However, the software reserves the right, at its discretion, to send bulletins and important information about its services. In the absence of specific instructions, the software may use the provided information to notify visitors about additional services, products, or offerings from the software&#8217;s family of companies, authorized agents, and other service providers with whom the software maintains relationships, and whose offerings might be of interest.<\/p><p>Die Software verkauft oder tauscht keine personenbezogenen Daten, es sei denn, dies ist autorisiert oder gesetzlich vorgeschrieben oder in F\u00e4llen, in denen dem Besucher oder anderen Personen unmittelbarer k\u00f6rperlicher Schaden droht. Auf Websites, auf denen Besucher Kreditkarten- oder Bestellinformationen angeben, sichert die Software diese Informationen durch standardm\u00e4\u00dfige webbasierte Sicherheits- und Verschl\u00fcsselungsprotokolle wie Secure Socket Layer (SSL) und Secure Electronic Transaction (SET). Wenn Besucher auf bestimmten Websites freiwillig Feedback, Daten, Antworten, Fragen, Kommentare, Vorschl\u00e4ge, Ideen oder \u00e4hnliche Informationen teilen, betrachtet die Software diesen Teil der Informationen als nicht vertraulich und nicht urheberrechtlich gesch\u00fctzt. Sofern in dieser Datenschutzrichtlinie nicht anders angegeben, \u00fcbernimmt die Software keine Verpflichtung, diese Informationen vor Offenlegung zu sch\u00fctzen.<\/p><p>Es ist wichtig zu beachten, dass die in diesen Materialien pr\u00e4sentierten Beispiele nicht als Versprechen oder Garantie f\u00fcr Gewinne interpretiert werden sollten. Das Gewinnpotenzial h\u00e4ngt vollst\u00e4ndig von der Person ab, die das Produkt, die Ideen, die Techniken und den investierten Aufwand verwendet. Diese Materialien werden nicht als \u201eSchnelle Methode zum Reichwerden\u201c pr\u00e4sentiert und es wird empfohlen, sie nicht als solche zu betrachten.<\/p>\t\t\t\t\t\t\t\t<\/div>\n\t\t\t\t<\/div>\n\t\t\t\t<div class=\"elementor-element elementor-element-35b6225 elementor-widget elementor-widget-heading\" data-id=\"35b6225\" data-element_type=\"widget\" data-e-type=\"widget\" data-widget_type=\"heading.default\">\n\t\t\t\t<div class=\"elementor-widget-container\">\n\t\t\t\t\t<h2 class=\"elementor-heading-title elementor-size-default\">B. Nicht pers\u00f6nlich identifizierbare (generische) Informationen:<\/h2>\t\t\t\t<\/div>\n\t\t\t\t<\/div>\n\t\t\t\t<div class=\"elementor-element elementor-element-ec9ec4f elementor-widget elementor-widget-text-editor\" data-id=\"ec9ec4f\" data-element_type=\"widget\" data-e-type=\"widget\" data-widget_type=\"text-editor.default\">\n\t\t\t\t<div class=\"elementor-widget-container\">\n\t\t\t\t\t\t\t\t\t<p>Die Software erfasst standardm\u00e4\u00dfig automatisch allgemeine Informationen, die die Identit\u00e4t des Besuchers nicht preisgeben. Diese Informationen umfassen in der Regel Details wie die dem Computer des Besuchers zugewiesene Internetadresse, die H\u00e4ufigkeit der Besuche und die spezifischen besuchten Websites der Software. Der Zweck der Erfassung dieser Informationen besteht darin, Kundendienstanforderungen und Website-Anforderungen zu ermitteln. Zu diesem Zweck werden bestimmte Technologien, einschlie\u00dflich \u201eCookies\u201c (die Besuchern ma\u00dfgeschneiderte Informationen \u00fcber die Dienste der Software bieten), verwendet. Es ist wichtig klarzustellen, dass die mit dieser Methode erfassten Informationen nicht mit personenbezogenen Daten kombiniert werden. Besucher haben die M\u00f6glichkeit, ihre Browsereinstellungen so zu konfigurieren, dass sie benachrichtigt werden, wenn ein Cookie empfangen wird, und k\u00f6nnen dies ablehnen.<\/p>\t\t\t\t\t\t\t\t<\/div>\n\t\t\t\t<\/div>\n\t\t\t\t<div class=\"elementor-element elementor-element-2688b7d elementor-widget elementor-widget-heading\" data-id=\"2688b7d\" data-element_type=\"widget\" data-e-type=\"widget\" data-widget_type=\"heading.default\">\n\t\t\t\t<div class=\"elementor-widget-container\">\n\t\t\t\t\t<h2 class=\"elementor-heading-title elementor-size-default\">\nC. Ihre auf der Software gehostete Website, Ihr Server, Ihre Bulletin Boards, Ihr Forum und Websites Dritter:<\/h2>\t\t\t\t<\/div>\n\t\t\t\t<\/div>\n\t\t\t\t<div class=\"elementor-element elementor-element-b6c1fb7 elementor-widget elementor-widget-text-editor\" data-id=\"b6c1fb7\" data-element_type=\"widget\" data-e-type=\"widget\" data-widget_type=\"text-editor.default\">\n\t\t\t\t<div class=\"elementor-widget-container\">\n\t\t\t\t\t\t\t\t\t<p>Alle Informationen, die Sie in einem \u00f6ffentlichen Bereich wie einem schwarzen Brett, einem Chatroom oder einer von der Software gehosteten Website teilen, werden f\u00fcr jeden anderen Besucher dieses Bereichs zug\u00e4nglich. Die Software kann den Schutz der in solchen Bereichen offengelegten Informationen nicht garantieren. Dar\u00fcber hinaus k\u00f6nnen die Websites der Software Links zu Websites von Drittanbietern enthalten, die nicht mit der Software verbunden sind. In solchen F\u00e4llen kann die Software die Sicherheit der Informationen, die Sie auf diesen externen Websites offenlegen, nicht gew\u00e4hrleisten und empfiehlt, die Datenschutzbestimmungen dieser Websites zu \u00fcberpr\u00fcfen, bevor Sie sie besuchen.<\/p>\t\t\t\t\t\t\t\t<\/div>\n\t\t\t\t<\/div>\n\t\t\t\t<div class=\"elementor-element elementor-element-39bb437 elementor-widget elementor-widget-heading\" data-id=\"39bb437\" data-element_type=\"widget\" data-e-type=\"widget\" data-widget_type=\"heading.default\">\n\t\t\t\t<div class=\"elementor-widget-container\">\n\t\t\t\t\t<h2 class=\"elementor-heading-title elementor-size-default\">D. Ausnahmen und Beschr\u00e4nkungen:<\/h2>\t\t\t\t<\/div>\n\t\t\t\t<\/div>\n\t\t\t\t<div class=\"elementor-element elementor-element-27870a6 elementor-widget elementor-widget-text-editor\" data-id=\"27870a6\" data-element_type=\"widget\" data-e-type=\"widget\" data-widget_type=\"text-editor.default\">\n\t\t\t\t<div class=\"elementor-widget-container\">\n\t\t\t\t\t\t\t\t\t<p>Unter Einhaltung der geltenden Gesetze, Die Software<br \/>(i) arbeitet bei allen Untersuchungen in Bezug auf den Inhalt (einschlie\u00dflich pers\u00f6nlicher oder privater elektronischer Kommunikation, die an die Software \u00fcbermittelt wird) oder mutma\u00dfliche rechtswidrige Aktivit\u00e4ten eines Servicenutzers uneingeschr\u00e4nkt mit staatlichen, lokalen und bundesstaatlichen Beh\u00f6rden zusammen und <br \/>(ii) ergreift angemessene Ma\u00dfnahmen zum Schutz seiner Eigentumsrechte. Im begrenzten Rahmen der Erzielung einer solchen Zusammenarbeit und Ma\u00dfnahmen und in \u00dcbereinstimmung mit den einschl\u00e4gigen Gesetzen muss die Software m\u00f6glicherweise personenbezogene Daten offenlegen. Dar\u00fcber hinaus kann die Software Kommunikationsbereiche jeglicher Art \u00fcberwachen.<\/p><p>(i) um Gesetzen, Vorschriften oder beh\u00f6rdlichen Anforderungen nachzukommen; <br \/>(ii) wenn die Weitergabe f\u00fcr den Betrieb der Software erforderlich ist; oder <br \/>(iii) to protect the rights or property of The Software or others.<\/p><p>In connection with the potential sale or transfer of any of its interests in The Software and The Software&#8217;s other owned sites, the company reserves the right to sell or transfer your information (including, but not limited to, name, address information, and other information you provided to The Software) to a third party that <br \/>(i) auf Kommunikationsprodukte oder -dienste spezialisiert ist; <br \/>(ii) erkl\u00e4rt sich damit einverstanden, die Interessen der Software in Bezug auf die Pflege und Sicherung der gesammelten Informationen zu vertreten; und <br \/>(iii) erkl\u00e4rt sich damit einverstanden, die in dieser Grundsatzerkl\u00e4rung genannten Verpflichtungen einzuhalten.<\/p>\t\t\t\t\t\t\t\t<\/div>\n\t\t\t\t<\/div>\n\t\t\t\t<div class=\"elementor-element elementor-element-01731f1 elementor-widget elementor-widget-heading\" data-id=\"01731f1\" data-element_type=\"widget\" data-e-type=\"widget\" data-widget_type=\"heading.default\">\n\t\t\t\t<div class=\"elementor-widget-container\">\n\t\t\t\t\t<h2 class=\"elementor-heading-title elementor-size-default\">E. Contact Us:<\/h2>\t\t\t\t<\/div>\n\t\t\t\t<\/div>\n\t\t\t\t<div class=\"elementor-element elementor-element-110a7e7 elementor-widget elementor-widget-text-editor\" data-id=\"110a7e7\" data-element_type=\"widget\" data-e-type=\"widget\" data-widget_type=\"text-editor.default\">\n\t\t\t\t<div class=\"elementor-widget-container\">\n\t\t\t\t\t\t\t\t\t<p>If you have any question then contact us at our email <a href=\"mailto:support@immediateedge.capital\">support@immediateedge.capital<\/a><\/p>\t\t\t\t\t\t\t\t<\/div>\n\t\t\t\t<\/div>\n\t\t\t\t\t<\/div>\n\t\t<\/div>\n\t\t\t\t\t<\/div>\n\t\t<\/section>\n\t\t\t\t<div class=\"elementor-element elementor-element-797c9a0 elementor-widget elementor-widget-spacer\" data-id=\"797c9a0\" data-element_type=\"widget\" data-e-type=\"widget\" data-widget_type=\"spacer.default\">\n\t\t\t\t<div class=\"elementor-widget-container\">\n\t\t\t\t\t\t\t<div class=\"elementor-spacer\">\n\t\t\t<div class=\"elementor-spacer-inner\"><\/div>\n\t\t<\/div>\n\t\t\t\t\t\t<\/div>\n\t\t\t\t<\/div>\n\t\t\t\t\t<\/div>\n\t\t<\/div>\n\t\t\t\t\t<\/div>\n\t\t<\/section>\n\t\t\t\t<\/div>","protected":false},"excerpt":{"rendered":"<p>Privacy Policy By clicking &#8220;Continue,&#8221; you grant us permission to send you emails regarding our offers. If you decide not to receive further emails, you can easily opt out at any time using the &#8220;Unsubscribe&#8221; link provided at the bottom of each email. The Software places great importance on safeguarding the privacy of every individual [&hellip;]<\/p>\n","protected":false},"author":1,"featured_media":0,"parent":0,"menu_order":0,"comment_status":"closed","ping_status":"closed","template":"elementor_header_footer","meta":{"footnotes":""},"class_list":["post-236","page","type-page","status-publish","hentry"],"_links":{"self":[{"href":"https:\/\/immediateedge.capital\/de\/wp-json\/wp\/v2\/pages\/236","targetHints":{"allow":["GET"]}}],"collection":[{"href":"https:\/\/immediateedge.capital\/de\/wp-json\/wp\/v2\/pages"}],"about":[{"href":"https:\/\/immediateedge.capital\/de\/wp-json\/wp\/v2\/types\/page"}],"author":[{"embeddable":true,"href":"https:\/\/immediateedge.capital\/de\/wp-json\/wp\/v2\/users\/1"}],"replies":[{"embeddable":true,"href":"https:\/\/immediateedge.capital\/de\/wp-json\/wp\/v2\/comments?post=236"}],"version-history":[{"count":40,"href":"https:\/\/immediateedge.capital\/de\/wp-json\/wp\/v2\/pages\/236\/revisions"}],"predecessor-version":[{"id":1485,"href":"https:\/\/immediateedge.capital\/de\/wp-json\/wp\/v2\/pages\/236\/revisions\/1485"}],"wp:attachment":[{"href":"https:\/\/immediateedge.capital\/de\/wp-json\/wp\/v2\/media?parent=236"}],"curies":[{"name":"wp","href":"https:\/\/api.w.org\/{rel}","templated":true}]}}