{"id":175,"date":"2023-08-23T13:09:06","date_gmt":"2023-08-23T13:09:06","guid":{"rendered":"https:\/\/immediateedge.capital\/?page_id=175"},"modified":"2025-12-12T08:29:53","modified_gmt":"2025-12-12T08:29:53","slug":"uber-uns","status":"publish","type":"page","link":"https:\/\/immediateedge.capital\/de\/about-us\/","title":{"rendered":"\u00dcber uns"},"content":{"rendered":"<div data-elementor-type=\"wp-page\" data-elementor-id=\"175\" class=\"elementor elementor-175\" data-elementor-post-type=\"page\">\n\t\t\t\t<div class=\"elementor-element elementor-element-343c2d9 e-flex e-con-boxed e-con e-parent\" data-id=\"343c2d9\" data-element_type=\"container\" data-e-type=\"container\" data-settings=\"{&quot;background_background&quot;:&quot;classic&quot;}\">\n\t\t\t\t\t<div class=\"e-con-inner\">\n\t\t\t\t<div class=\"elementor-element elementor-element-3bcb5aa elementor-widget elementor-widget-heading\" data-id=\"3bcb5aa\" data-element_type=\"widget\" data-e-type=\"widget\" data-widget_type=\"heading.default\">\n\t\t\t\t<div class=\"elementor-widget-container\">\n\t\t\t\t\t<h1 class=\"elementor-heading-title elementor-size-default\">\u00dcber uns<\/h1>\t\t\t\t<\/div>\n\t\t\t\t<\/div>\n\t\t\t\t\t<\/div>\n\t\t\t\t<\/div>\n\t\t<div class=\"elementor-element elementor-element-91abeb6 e-flex e-con-boxed e-con e-parent\" data-id=\"91abeb6\" data-element_type=\"container\" data-e-type=\"container\" data-settings=\"{&quot;background_background&quot;:&quot;classic&quot;}\">\n\t\t\t\t\t<div class=\"e-con-inner\">\n\t\t<div class=\"elementor-element elementor-element-aade642 e-con-full e-flex e-con e-child\" data-id=\"aade642\" data-element_type=\"container\" data-e-type=\"container\">\n\t\t<div class=\"elementor-element elementor-element-2be77a2 e-con-full e-flex e-con e-child\" data-id=\"2be77a2\" data-element_type=\"container\" data-e-type=\"container\">\n\t\t\t\t<div class=\"elementor-element elementor-element-c633768 elementor-widget elementor-widget-heading\" data-id=\"c633768\" data-element_type=\"widget\" data-e-type=\"widget\" data-widget_type=\"heading.default\">\n\t\t\t\t<div class=\"elementor-widget-container\">\n\t\t\t\t\t<h2 class=\"elementor-heading-title elementor-size-default\">Wer sind wir?<\/h2>\t\t\t\t<\/div>\n\t\t\t\t<\/div>\n\t\t\t\t<div class=\"elementor-element elementor-element-5ef1496 elementor-widget elementor-widget-text-editor\" data-id=\"5ef1496\" data-element_type=\"widget\" data-e-type=\"widget\" data-widget_type=\"text-editor.default\">\n\t\t\t\t<div class=\"elementor-widget-container\">\n\t\t\t\t\t\t\t\t\t<p>Wir m\u00f6chten Ihnen die Vision\u00e4re hinter Immediate Edge vorstellen \u2013 ein Team leidenschaftlicher, entschlossener und sachkundiger junger Unternehmer. Was uns auszeichnet? Es ist unser unersch\u00fctterliches Engagement, Ver\u00e4nderungen durch Innovation voranzutreiben.<\/p><p>Mit unserem Hintergrund im Handel haben wir die Herausforderungen genau verstanden, die sich ergeben, wenn man sich auf menschliche Emotionen und Unsicherheiten verl\u00e4sst, um profitable Trades zu erzielen. Wir strebten danach, einen \u00fcberlegenen Ansatz zu entwickeln \u2013 ein Tool, das nahtlos, pr\u00e4zise, \u200b\u200bzuverl\u00e4ssig und benutzerfreundlich ist. Dieser Antrieb f\u00fchrte uns dazu, unser Fachwissen zu b\u00fcndeln und ein Handelssystem zu entwickeln, das durchweg erfolgreiche Trades ausf\u00fchrte.<\/p><p>Lernen Sie Immediate Edge kennen \u2013 unsere Anwendung, die den Online-Handel f\u00fcr Einzelpersonen in allen Phasen ihrer Reise verbessern soll. Egal, ob Sie ein erfahrener Profi sind oder gerade erst anfangen, unsere Software bereichert Ihre F\u00e4higkeiten und maximiert potenzielle Einnahmen. Sie verbindet nahtlos Spitzentechnologie mit menschlichem Wissen.<\/p><p>Aber unser Engagement endet hier nicht. Wir h\u00f6ren st\u00e4ndig auf das Feedback unserer Community und verbessern und testen unsere Software unerm\u00fcdlich. Warum? Weil unser oberstes Ziel darin besteht, den Erfolg der H\u00e4ndler zu f\u00f6rdern. Kommen Sie zu uns und tauchen Sie ein in das Potenzial von Immediate Edge.<\/p>\t\t\t\t\t\t\t\t<\/div>\n\t\t\t\t<\/div>\n\t\t\t\t<\/div>\n\t\t<div class=\"elementor-element elementor-element-9fd5a60 e-con-full e-flex e-con e-child\" data-id=\"9fd5a60\" data-element_type=\"container\" data-e-type=\"container\">\n\t\t\t\t<div class=\"elementor-element elementor-element-8ddf02e elementor-widget elementor-widget-image\" data-id=\"8ddf02e\" data-element_type=\"widget\" data-e-type=\"widget\" data-widget_type=\"image.default\">\n\t\t\t\t<div class=\"elementor-widget-container\">\n\t\t\t\t\t\t\t\t\t\t\t\t\t\t\t<img fetchpriority=\"high\" decoding=\"async\" width=\"800\" height=\"781\" src=\"https:\/\/immediateedge.capital\/wp-content\/uploads\/2025\/12\/about-img-6-1024x1000-1.webp\" class=\"attachment-large size-large wp-image-1406\" alt=\"\" srcset=\"https:\/\/immediateedge.capital\/wp-content\/uploads\/2025\/12\/about-img-6-1024x1000-1.webp 1024w, https:\/\/immediateedge.capital\/wp-content\/uploads\/2025\/12\/about-img-6-1024x1000-1-300x293.webp 300w, https:\/\/immediateedge.capital\/wp-content\/uploads\/2025\/12\/about-img-6-1024x1000-1-768x750.webp 768w, https:\/\/immediateedge.capital\/wp-content\/uploads\/2025\/12\/about-img-6-1024x1000-1-12x12.webp 12w\" sizes=\"(max-width: 800px) 100vw, 800px\" \/>\t\t\t\t\t\t\t\t\t\t\t\t\t\t\t<\/div>\n\t\t\t\t<\/div>\n\t\t\t\t<\/div>\n\t\t\t\t<\/div>\n\t\t<div class=\"elementor-element elementor-element-8c5f0f4 e-con-full e-flex e-con e-child\" data-id=\"8c5f0f4\" data-element_type=\"container\" data-e-type=\"container\">\n\t\t<div class=\"elementor-element elementor-element-373d9a1 e-con-full e-flex e-con e-child\" data-id=\"373d9a1\" data-element_type=\"container\" data-e-type=\"container\">\n\t\t\t\t<div class=\"elementor-element elementor-element-45fcf6b elementor-widget elementor-widget-image\" data-id=\"45fcf6b\" data-element_type=\"widget\" data-e-type=\"widget\" data-widget_type=\"image.default\">\n\t\t\t\t<div class=\"elementor-widget-container\">\n\t\t\t\t\t\t\t\t\t\t\t\t\t\t\t<img decoding=\"async\" width=\"366\" height=\"296\" src=\"https:\/\/immediateedge.capital\/wp-content\/uploads\/2025\/12\/2-6-ct-blog-compact-1.webp\" class=\"attachment-large size-large wp-image-1405\" alt=\"\" srcset=\"https:\/\/immediateedge.capital\/wp-content\/uploads\/2025\/12\/2-6-ct-blog-compact-1.webp 366w, https:\/\/immediateedge.capital\/wp-content\/uploads\/2025\/12\/2-6-ct-blog-compact-1-300x243.webp 300w, https:\/\/immediateedge.capital\/wp-content\/uploads\/2025\/12\/2-6-ct-blog-compact-1-15x12.webp 15w\" sizes=\"(max-width: 366px) 100vw, 366px\" \/>\t\t\t\t\t\t\t\t\t\t\t\t\t\t\t<\/div>\n\t\t\t\t<\/div>\n\t\t\t\t<\/div>\n\t\t<div class=\"elementor-element elementor-element-9f9af10 e-con-full e-flex e-con e-child\" data-id=\"9f9af10\" data-element_type=\"container\" data-e-type=\"container\">\n\t\t\t\t<div class=\"elementor-element elementor-element-c2a694e elementor-widget elementor-widget-heading\" data-id=\"c2a694e\" data-element_type=\"widget\" data-e-type=\"widget\" data-widget_type=\"heading.default\">\n\t\t\t\t<div class=\"elementor-widget-container\">\n\t\t\t\t\t<h2 class=\"elementor-heading-title elementor-size-default\">Treten Sie unserer Community leidenschaftlicher H\u00e4ndler bei!<\/h2>\t\t\t\t<\/div>\n\t\t\t\t<\/div>\n\t\t\t\t<div class=\"elementor-element elementor-element-45f8123 elementor-widget elementor-widget-text-editor\" data-id=\"45f8123\" data-element_type=\"widget\" data-e-type=\"widget\" data-widget_type=\"text-editor.default\">\n\t\t\t\t<div class=\"elementor-widget-container\">\n\t\t\t\t\t\t\t\t\t<p>Sind Sie bereit, Teil einer dynamischen Community leidenschaftlicher und erfolgreicher H\u00e4ndler zu werden? Dann sind Sie bei Immediate Edge genau richtig! Das Beste daran ist, dass die Anmeldung und das Kennenlernen unseres Handelssystems v\u00f6llig kostenlos ist.<\/p><p>Sobald Sie beitreten, werden Sie angenehm \u00fcberrascht sein, wie benutzerfreundlich und intuitiv unser System ist. Mit einer nachgewiesenen Erfolgsbilanz k\u00f6nnen Sie darauf vertrauen, dass Immediate Edge Ihre Investitionen optimiert. Dar\u00fcber hinaus besteht keine Eile, sofort mit dem Handel zu beginnen \u2013 nehmen Sie sich Zeit, um sich mit unserer Software und ihren Funktionen vertraut zu machen.<\/p><p>Verpassen Sie nicht diese unglaubliche Gelegenheit, einer Community von H\u00e4ndlern beizutreten und Ihre Reise zum Geldverdienen zu beginnen. Registrieren Sie sich noch heute und erhalten Sie sofortigen Zugriff auf Immediate Edge \u2013 wir k\u00f6nnen es kaum erwarten, Sie an Bord willkommen zu hei\u00dfen!<\/p>\t\t\t\t\t\t\t\t<\/div>\n\t\t\t\t<\/div>\n\t\t\t\t<\/div>\n\t\t\t\t<\/div>\n\t\t\t\t\t<\/div>\n\t\t\t\t<\/div>\n\t\t\t\t<\/div>","protected":false},"excerpt":{"rendered":"<p>About Us Who Are We? Allow us to introduce the visionaries behind Immediate Edge \u2013 a team of passionate, determined, and knowledgeable young entrepreneurs. What sets us apart? It&#8217;s our unwavering commitment to driving change through innovation. With a background in trading, we intimately understood the challenges of relying on human emotions and uncertainties to [&hellip;]<\/p>\n","protected":false},"author":1,"featured_media":0,"parent":0,"menu_order":0,"comment_status":"closed","ping_status":"closed","template":"elementor_header_footer","meta":{"footnotes":""},"class_list":["post-175","page","type-page","status-publish","hentry"],"_links":{"self":[{"href":"https:\/\/immediateedge.capital\/de\/wp-json\/wp\/v2\/pages\/175","targetHints":{"allow":["GET"]}}],"collection":[{"href":"https:\/\/immediateedge.capital\/de\/wp-json\/wp\/v2\/pages"}],"about":[{"href":"https:\/\/immediateedge.capital\/de\/wp-json\/wp\/v2\/types\/page"}],"author":[{"embeddable":true,"href":"https:\/\/immediateedge.capital\/de\/wp-json\/wp\/v2\/users\/1"}],"replies":[{"embeddable":true,"href":"https:\/\/immediateedge.capital\/de\/wp-json\/wp\/v2\/comments?post=175"}],"version-history":[{"count":64,"href":"https:\/\/immediateedge.capital\/de\/wp-json\/wp\/v2\/pages\/175\/revisions"}],"predecessor-version":[{"id":1418,"href":"https:\/\/immediateedge.capital\/de\/wp-json\/wp\/v2\/pages\/175\/revisions\/1418"}],"wp:attachment":[{"href":"https:\/\/immediateedge.capital\/de\/wp-json\/wp\/v2\/media?parent=175"}],"curies":[{"name":"wp","href":"https:\/\/api.w.org\/{rel}","templated":true}]}}